{"id":661,"date":"2017-12-15T15:08:56","date_gmt":"2017-12-15T15:08:56","guid":{"rendered":"http:\/\/ganancias-sostenibles.ecored.org.do\/?page_id=661"},"modified":"2021-11-29T18:44:34","modified_gmt":"2021-11-29T18:44:34","slug":"ganancias-sostenibles-2014","status":"publish","type":"page","link":"https:\/\/ganancias-sostenibles.ecored.org.do\/cms\/ganancias-sostenibles-2014\/","title":{"rendered":"Ganancias Sostenibles 2014"},"content":{"rendered":"<p>[vc_row full_width=\u00bbstretch_row_content\u00bb css=\u00bb.vc_custom_1534199659449{background-image: url(https:\/\/ganancias-sostenible.staging.gbh.com.do\/content\/uploads\/2017\/12\/DSC_0153.jpg?id=675) !important;background-position: center !important;background-repeat: no-repeat !important;background-size: cover !important;}\u00bb el_class=\u00bboverflow-visible showcase\u00bb el_id=\u00bbinicio\u00bb][vc_column]<div class=\"hero-banner style-two\">\n\t\t\t\t<div class=\"container\">\n\t\t\t\t\t<div class=\"row\">\n\t\t\t\t\t\t<div class=\"col-md-8\"><h1 class=\"entry-title wow fadeInUp\" data-wow-duration=\"1.5s\" data-wow-delay=\"0s\">Ganancias Sostenibles 2014<\/h1><p class=\"entry-date wow fadeInUp\" data-wow-duration=\"1.5s\" data-wow-delay=\"1s\">Los Beneficios de un Reto Responsable<\/p><\/div>\n\t\t\t\t\t\t<div class=\"col-md-4\">\n\t\t\t\t\t\t\t<div role=\"form\" class=\"wpcf7\" id=\"wpcf7-f256-o1\" lang=\"en-US\" dir=\"ltr\">\n<div class=\"screen-reader-response\"><p role=\"status\" aria-live=\"polite\" aria-atomic=\"true\"><\/p> <ul><\/ul><\/div>\n<form action=\"\/cms\/wp-json\/wp\/v2\/pages\/661#wpcf7-f256-o1\" method=\"post\" class=\"wpcf7-form init\" novalidate=\"novalidate\" data-status=\"init\">\n<div style=\"display: none;\">\n<input type=\"hidden\" name=\"_wpcf7\" value=\"256\" \/>\n<input type=\"hidden\" name=\"_wpcf7_version\" value=\"5.5.3\" \/>\n<input type=\"hidden\" name=\"_wpcf7_locale\" value=\"en_US\" \/>\n<input type=\"hidden\" name=\"_wpcf7_unit_tag\" value=\"wpcf7-f256-o1\" \/>\n<input type=\"hidden\" name=\"_wpcf7_container_post\" value=\"0\" \/>\n<input type=\"hidden\" name=\"_wpcf7_posted_data_hash\" value=\"\" \/>\n<\/div>\n<div class=\"event-register\">\n<h4 class=\"entry-heading\">Mant\u00e9ngase informado sobre nuestros eventos. Suscr\u00edbase a nuestro bolet\u00edn<\/h4>\n<p>\t<span class=\"wpcf7-form-control-wrap text-4\"><input type=\"text\" name=\"text-4\" value=\"\" size=\"40\" class=\"wpcf7-form-control wpcf7-text wpcf7-validates-as-required form-control\" aria-required=\"true\" aria-invalid=\"false\" placeholder=\"Nombre Completo\" \/><\/span><br \/>\n\t<span class=\"wpcf7-form-control-wrap email-354\"><input type=\"email\" name=\"email-354\" value=\"\" size=\"40\" class=\"wpcf7-form-control wpcf7-text wpcf7-email wpcf7-validates-as-required wpcf7-validates-as-email form-control\" aria-required=\"true\" aria-invalid=\"false\" placeholder=\"Email\" \/><\/span><br \/>\n\t<span class=\"wpcf7-form-control-wrap tel-749\"><input type=\"tel\" name=\"tel-749\" value=\"\" size=\"40\" class=\"wpcf7-form-control wpcf7-text wpcf7-tel wpcf7-validates-as-tel form-control\" aria-invalid=\"false\" placeholder=\"Tel\u00e9fono\" \/><\/span><br \/>\n\t<span class=\"wpcf7-form-control-wrap text-5\"><input type=\"text\" name=\"text-5\" value=\"\" size=\"40\" class=\"wpcf7-form-control wpcf7-text form-control\" aria-invalid=\"false\" placeholder=\"Empresa\/Instituci\u00f3n\" \/><\/span><br \/>\n\t<input type=\"submit\" value=\"ENVIAR\" class=\"wpcf7-form-control has-spinner wpcf7-submit btn-default\" \/>\n<\/p><\/div>\n<div class=\"wpcf7-response-output\" aria-hidden=\"true\"><\/div><\/form><\/div>\n\t\t\t\t\t\t<\/div>\n\t\t\t\t\t\t<div class=\"col-md-12\"><\/div>\n\t\t\t\t\t<\/div>\n\t\t\t\t<\/div>\n\t\t\t<\/div>[\/vc_column][\/vc_row][vc_row full_width=\u00bbstretch_row\u00bb equal_height=\u00bbyes\u00bb content_placement=\u00bbmiddle\u00bb css=\u00bb.vc_custom_1510759410081{background-position: center !important;background-repeat: no-repeat !important;background-size: cover !important;}\u00bb el_class=\u00bbpadding-tb12090&#8243;][vc_column][vc_custom_heading text=\u00bbGanancias Sostenibles 2014<br \/>\nLos beneficios de un reto responsable\u00bb font_container=\u00bbtag:h2|text_align:center\u00bb use_theme_fonts=\u00bbyes\u00bb][\/vc_column][vc_column width=\u00bb1\/4&#8243;][vc_single_image image=\u00bb664&#8243; img_size=\u00bbmedium\u00bb alignment=\u00bbcenter\u00bb onclick=\u00bblink_image\u00bb el_class=\u00bbzoom-button\u00bb][\/vc_column][vc_column width=\u00bb3\/4&#8243;][vc_column_text]<\/p>\n<h3>OBJETIVO<\/h3>\n<p>Ofrecer una plataforma para el di\u00e1logo e intercambio de buenas pr\u00e1cticas en materia de sostenibilidad empresarial a representantes de \u00a0empresas, instituciones y ONG\u00b4s del pa\u00eds, que resalte la importancia de involucrar y concienciar a los tomadores de decisiones de las empresas sobre las ventajas de operar sus negocios de manera sostenible.[\/vc_column_text][\/vc_column][\/vc_row][vc_row full_width=\u00bbstretch_row\u00bb css=\u00bb.vc_custom_1510770152416{background-position: center !important;background-repeat: no-repeat !important;background-size: cover !important;}\u00bb el_class=\u00bbpadding-tb12090 green-container\u00bb el_id=\u00bbprograma-del-evento\u00bb][vc_column]<div class=\"section-header style-two\">\n\t\t\t<h2 class=\"entry_title\">Programa del evento<\/h2>\n\t\t<\/div>[vc_column_text]<\/p>\n<h3>Palabras de bienvenida<\/h3>\n<ul>\n<li><b>Sra. Mar\u00eda Alicia Urbaneja<br \/>\n<\/b>Directora Ejecutiva ECORED<\/li>\n<li><strong>Sr. Roberto Herrera<br \/>\n<\/strong>Presidente ECORED<\/li>\n<\/ul>\n<h4>Conferencia<\/h4>\n<p><strong>\u201cIntroducci\u00f3n al concepto de sostenibilidad\u201d <\/strong><\/p>\n<ul>\n<li><strong>Sr. Italo Pizzolante<\/strong><br \/>\nPresidente de Pizzolante<\/li>\n<\/ul>\n<h4>Conferencia<\/h4>\n<p><strong>\u201cSostenibilidad: un buen negocio\u201d<\/strong><\/p>\n<ul>\n<li><b>Sr. Carlos Gonz\u00e1les<\/b><br \/>\nCEMEX<\/li>\n<li><strong>Sra<\/strong><strong>. Patricia de Moya<br \/>\n<\/strong>Revista Mercado<\/li>\n<\/ul>\n<h4>Conferencia<\/h4>\n<p><strong>\u201cGenerando impacto desde la pr\u00e1ctica\u201d<\/strong><\/p>\n<ul>\n<li><strong>Sr. Alpha Santiago Camarena<\/strong><br \/>\nAlpha Sociedad de Valores<\/li>\n<li><strong>Sra. Amelia Vicini<br \/>\n<\/strong>Fundaci\u00f3n Inicia<\/li>\n<li><strong>Sr. Edison Santos<br \/>\n<\/strong>Emprendimiento Sostenible<\/li>\n<\/ul>\n<h4>Conferencia<\/h4>\n<p><strong>\u201cIndicadores de sostenibilidad: medir para gerenciar\u201d<\/strong><\/p>\n<ul>\n<li><strong>Sra. Elena de Alfaro<\/strong><br \/>\nRed de Integraci\u00f3n Centroamericana por la Responsabilidad Social (IntegraRSE)<\/li>\n<li><strong>Sr. Americo Herrera<br \/>\n<\/strong>Red de Integraci\u00f3n Centroamerica por la Responsabilidad Social (IntegraRSE)<\/li>\n<\/ul>\n<h4>Conferencia<\/h4>\n<p><strong>\u201cHaciendo sostenibilidad desde el sector privado\u201d<\/strong><\/p>\n<ul>\n<li><b>Sr. Roberto Herrera<\/b><br \/>\nPresidente de ECORED<\/li>\n<li><strong>Ernesto Izquierdo<br \/>\n<\/strong>Presidente Seguros Universal<\/li>\n<li><strong>Manuel Diez<br \/>\n<\/strong>Presidente CONEP<\/li>\n<\/ul>\n<h4>Conferencia Magistral<\/h4>\n<p><strong>\u201cUna visi\u00f3n global de sostenibilidad\u201d<\/strong><\/p>\n<ul>\n<li><strong>Sr. Jos\u00e9 Luis Blanco\u00a0<\/strong><br \/>\nSocio de KPMG Espa\u00f1a<\/li>\n<\/ul>\n<p>[\/vc_column_text][\/vc_column][\/vc_row][vc_row el_class=\u00bbpadding-t120&#8243; el_id=\u00bbpresentaciones\u00bb][vc_column]<div class=\"section-header\">\n\t\t\t<h2 class=\"entry_title\">PRESENTACIONES<\/h2>\n\t\t<\/div>[vc_column_text el_class=\u00bb green-table\u00bb]<\/p>\n<table class=\" alignleft\" width=\"100%\">\n<tbody>\n<tr>\n<td>ARCHIVO<\/td>\n<td>TEMA<\/td>\n<td>CONFERENCISTA<\/td>\n<\/tr>\n<tr>\n<td><a href=\"https:\/\/ganancias-sostenibles.ecored.org.do\/cms\/\/ganancias-sostenibles.ecored.org.do\/content\/uploads\/2017\/12\/Presentacion.ItaloPizzolante.Ene14.pdf\" target=\"_blank\" rel=\"noopener\">DESCARGAR PRESENTACI\u00d3N<\/a><\/td>\n<td>Introducci\u00f3n al concepto de Sostenibilidad<\/td>\n<td>Sr. Italo Pizzante<\/td>\n<\/tr>\n<tr>\n<td><a href=\"https:\/\/ganancias-sostenibles.ecored.org.do\/cms\/\/ganancias-sostenibles.ecored.org.do\/content\/uploads\/2017\/12\/PresentacionJLB_KPMG_Ene14-.pdf\" target=\"_blank\" rel=\"noopener\">DESCARGAR PRESENTACI\u00d3N<\/a><\/td>\n<td>Una visi\u00f3n global de la sostenibilidad<\/td>\n<td>Sr. Jos\u00e9 Luis Blasco<\/td>\n<\/tr>\n<tr>\n<td><a href=\"https:\/\/ganancias-sostenibles.ecored.org.do\/cms\/\/ganancias-sostenibles.ecored.org.do\/content\/uploads\/2017\/12\/Presnetacion-INTEGRARSE-2014.pdf\" target=\"_blank\" rel=\"noopener\">DESCARGAR PRESENTACI\u00d3N<\/a><\/td>\n<td>Indicadores de sostenibilidad: medir para gerenciar<\/td>\n<td>Sra. Elena de Alfaro, Sr. Americo Herrera<\/td>\n<\/tr>\n<\/tbody>\n<\/table>\n<p>[\/vc_column_text][\/vc_column][\/vc_row][vc_row el_class=\u00bbpadding-t120&#8243; el_id=\u00bbpatrocinadores\u00bb][vc_column]<div class=\"section-header\">\n\t\t\t<h2 class=\"entry_title\">PATROCINADORES<\/h2>\n\t\t<\/div>[vc_row_inner el_class=\u00bbpremium-logos\u00bb][vc_column_inner]<div class=\"client-section\">\n\t\t\t<ul class=\"clients\"><li class=\" wow fadeInUp\" data-wow-duration=\"1.5s\" data-wow-delay=\"0s\">\n\t\t\t\t\t\t\t<div class=\"client-thumb\">\n\t\t\t\t\t\t\t\t<img src=\"https:\/\/ganancias-sostenibles.ecored.org.do\/content\/uploads\/2017\/12\/kpmg.jpg\" alt=\"Client Thumbnail\">\n\t\t\t\t\t\t\t<\/div>\n\t\t\t\t\t\t<\/li><li class=\" wow fadeInUp\" data-wow-duration=\"1.5s\" data-wow-delay=\"0.5s\">\n\t\t\t\t\t\t\t<div class=\"client-thumb\">\n\t\t\t\t\t\t\t\t<img src=\"https:\/\/ganancias-sostenibles.ecored.org.do\/content\/uploads\/2017\/12\/popular-50.jpg\" alt=\"Client Thumbnail\">\n\t\t\t\t\t\t\t<\/div>\n\t\t\t\t\t\t<\/li><li class=\" wow fadeInUp\" data-wow-duration=\"1.5s\" data-wow-delay=\"1s\">\n\t\t\t\t\t\t\t<div class=\"client-thumb\">\n\t\t\t\t\t\t\t\t<img src=\"https:\/\/ganancias-sostenibles.ecored.org.do\/content\/uploads\/2017\/12\/metaldom.jpg\" alt=\"Client Thumbnail\">\n\t\t\t\t\t\t\t<\/div>\n\t\t\t\t\t\t<\/li><\/ul>\n\t\t<\/div><div class=\"client-section\">\n\t\t\t<ul class=\"clients\"><li class=\" wow fadeInUp\" data-wow-duration=\"1.5s\" data-wow-delay=\"0s\">\n\t\t\t\t\t\t\t<div class=\"client-thumb\">\n\t\t\t\t\t\t\t\t<img src=\"https:\/\/ganancias-sostenibles.ecored.org.do\/content\/uploads\/2017\/12\/fundacion-rica.jpg\" alt=\"Client Thumbnail\">\n\t\t\t\t\t\t\t<\/div>\n\t\t\t\t\t\t<\/li><li class=\" wow fadeInUp\" data-wow-duration=\"1.5s\" data-wow-delay=\"0.5s\">\n\t\t\t\t\t\t\t<div class=\"client-thumb\">\n\t\t\t\t\t\t\t\t<img src=\"https:\/\/ganancias-sostenibles.ecored.org.do\/content\/uploads\/2017\/12\/gildan.jpg\" alt=\"Client Thumbnail\">\n\t\t\t\t\t\t\t<\/div>\n\t\t\t\t\t\t<\/li><li class=\" wow fadeInUp\" data-wow-duration=\"1.5s\" data-wow-delay=\"1s\">\n\t\t\t\t\t\t\t<div class=\"client-thumb\">\n\t\t\t\t\t\t\t\t<img src=\"https:\/\/ganancias-sostenibles.ecored.org.do\/content\/uploads\/2017\/12\/cespm.jpg\" alt=\"Client Thumbnail\">\n\t\t\t\t\t\t\t<\/div>\n\t\t\t\t\t\t<\/li><\/ul>\n\t\t<\/div>[\/vc_column_inner][\/vc_row_inner][vc_row_inner el_class=\u00bbregular-logos\u00bb][vc_column_inner]<div class=\"client-section\">\n\t\t\t<ul class=\"clients\"><li class=\" wow fadeInUp\" data-wow-duration=\"1.5s\" data-wow-delay=\"0s\">\n\t\t\t\t\t\t\t<div class=\"client-thumb\">\n\t\t\t\t\t\t\t\t<img src=\"https:\/\/ganancias-sostenibles.ecored.org.do\/content\/uploads\/2017\/12\/sid.jpg\" alt=\"Client Thumbnail\">\n\t\t\t\t\t\t\t<\/div>\n\t\t\t\t\t\t<\/li><li class=\" wow fadeInUp\" data-wow-duration=\"1.5s\" data-wow-delay=\"0.5s\">\n\t\t\t\t\t\t\t<div class=\"client-thumb\">\n\t\t\t\t\t\t\t\t<img src=\"https:\/\/ganancias-sostenibles.ecored.org.do\/content\/uploads\/2017\/06\/universal-seguros-190x99.jpg\" alt=\"Client Thumbnail\">\n\t\t\t\t\t\t\t<\/div>\n\t\t\t\t\t\t<\/li><li class=\" wow fadeInUp\" data-wow-duration=\"1.5s\" data-wow-delay=\"1s\">\n\t\t\t\t\t\t\t<div class=\"client-thumb\">\n\t\t\t\t\t\t\t\t<img src=\"https:\/\/ganancias-sostenibles.ecored.org.do\/content\/uploads\/2017\/06\/bhd-leon-190x99.jpg\" alt=\"Client Thumbnail\">\n\t\t\t\t\t\t\t<\/div>\n\t\t\t\t\t\t<\/li><li class=\" wow fadeInUp\" data-wow-duration=\"1.5s\" data-wow-delay=\"1.5s\">\n\t\t\t\t\t\t\t<div class=\"client-thumb\">\n\t\t\t\t\t\t\t\t<img src=\"https:\/\/ganancias-sostenibles.ecored.org.do\/content\/uploads\/2017\/12\/alpha.jpg\" alt=\"Client Thumbnail\">\n\t\t\t\t\t\t\t<\/div>\n\t\t\t\t\t\t<\/li><\/ul>\n\t\t<\/div>[\/vc_column_inner][\/vc_row_inner][\/vc_column][\/vc_row][vc_row full_width=\u00bbstretch_row_content\u00bb css_animation=\u00bbnone\u00bb el_class=\u00bbpadding-t120&#8243; el_id=\u00bbgaleria\u00bb][vc_column]<div class=\"section-header\">\n\t\t\t<h2 class=\"entry_title\">GALER\u00cdA<\/h2>\n\t\t<\/div>[vc_tta_tabs style=\u00bbflat\u00bb shape=\u00bbsquare\u00bb color=\u00bbwhite\u00bb spacing=\u00bb10&#8243; gap=\u00bb10&#8243; alignment=\u00bbcenter\u00bb active_section=\u00bb1&#8243; no_fill_content_area=\u00bbtrue\u00bb el_class=\u00bbcustom-tabs\u00bb][vc_tta_section title=\u00bbFOTOS\u00bb tab_id=\u00bb1510849144039-17f208e8-1cfe\u00bb][vc_gallery type=\u00bbimage_grid\u00bb images=\u00bb675,676,677,678,679,680,681,682,683,684,685&#8243; img_size=\u00bb200&#215;200&#8243; el_class=\u00bbimage-gallery\u00bb][\/vc_tta_section][vc_tta_section title=\u00bbVIDEOS\u00bb tab_id=\u00bb1524593750503-c8a283d5-1a85&#8243; el_class=\u00bbvideo-gallery\u00bb][vc_video link=\u00bbhttps:\/\/youtu.be\/AkFRtjFjBxU\u00bb][vc_video link=\u00bbhttps:\/\/youtu.be\/wUIqdnlJ1Qs\u00bb][vc_video link=\u00bbhttps:\/\/youtu.be\/gX5CD-rqAAo\u00bb][\/vc_tta_section][\/vc_tta_tabs][\/vc_column][\/vc_row][vc_row full_width=\u00bbstretch_row\u00bb css=\u00bb.vc_custom_1513619674312{background-image: url(https:\/\/ganancias-sostenibles.ecored.org.do\/cms\/\/ganancias-sostenibles.ecored.org.do\/content\/uploads\/2017\/12\/eventos-pasados.bg_.jpg?id=731) !important;background-position: center !important;background-repeat: no-repeat !important;background-size: cover !important;}\u00bb el_class=\u00bbpadding-tb12090 related-events\u00bb][vc_column]<div class=\"section-header style-two\">\n\t\t\t<h2 class=\"entry_title\">Eventos relacionados<\/h2>\n\t\t<\/div>[vc_basic_grid post_type=\u00bbpage\u00bb max_items=\u00bb-1&#8243; element_width=\u00bb12&#8243; gap=\u00bb0&#8243; orderby=\u00bbtitle\u00bb item=\u00bb735&#8243; initial_loading_animation=\u00bbnone\u00bb grid_id=\u00bbvc_gid:1534200664376-8253faa3-9815-10&#8243; el_class=\u00bbrelated-posts-grid\u00bb][\/vc_column][\/vc_row]<\/p>\n","protected":false},"excerpt":{"rendered":"<p>[vc_row full_width=\u00bbstretch_row_content\u00bb css=\u00bb.vc_custom_1534199659449{background-image: url(https:\/\/ganancias-sostenible.staging.gbh.com.do\/content\/uploads\/2017\/12\/DSC_0153.jpg?id=675) !important;background-position: center !important;background-repeat: no-repeat !important;background-size: cover !important;}\u00bb el_class=\u00bboverflow-visible showcase\u00bb el_id=\u00bbinicio\u00bb][vc_column][\/vc_column][\/vc_row][vc_row full_width=\u00bbstretch_row\u00bb equal_height=\u00bbyes\u00bb content_placement=\u00bbmiddle\u00bb css=\u00bb.vc_custom_1510759410081{background-position: center !important;background-repeat: no-repeat !important;background-size: cover !important;}\u00bb el_class=\u00bbpadding-tb12090&#8243;][vc_column][vc_custom_heading text=\u00bbGanancias Sostenibles 2014 Los beneficios de un reto responsable\u00bb font_container=\u00bbtag:h2|text_align:center\u00bb use_theme_fonts=\u00bbyes\u00bb][\/vc_column][vc_column width=\u00bb1\/4&#8243;][vc_single_image image=\u00bb664&#8243; img_size=\u00bbmedium\u00bb alignment=\u00bbcenter\u00bb onclick=\u00bblink_image\u00bb el_class=\u00bbzoom-button\u00bb][\/vc_column][vc_column width=\u00bb3\/4&#8243;][vc_column_text] OBJETIVO Ofrecer una plataforma para el di\u00e1logo e intercambio de buenas pr\u00e1cticas [&hellip;]<\/p>\n","protected":false},"author":1,"featured_media":675,"parent":0,"menu_order":0,"comment_status":"closed","ping_status":"closed","template":"page-vc.php","meta":[],"acf":[],"_links":{"self":[{"href":"https:\/\/ganancias-sostenibles.ecored.org.do\/cms\/wp-json\/wp\/v2\/pages\/661"}],"collection":[{"href":"https:\/\/ganancias-sostenibles.ecored.org.do\/cms\/wp-json\/wp\/v2\/pages"}],"about":[{"href":"https:\/\/ganancias-sostenibles.ecored.org.do\/cms\/wp-json\/wp\/v2\/types\/page"}],"author":[{"embeddable":true,"href":"https:\/\/ganancias-sostenibles.ecored.org.do\/cms\/wp-json\/wp\/v2\/users\/1"}],"replies":[{"embeddable":true,"href":"https:\/\/ganancias-sostenibles.ecored.org.do\/cms\/wp-json\/wp\/v2\/comments?post=661"}],"version-history":[{"count":41,"href":"https:\/\/ganancias-sostenibles.ecored.org.do\/cms\/wp-json\/wp\/v2\/pages\/661\/revisions"}],"predecessor-version":[{"id":1028,"href":"https:\/\/ganancias-sostenibles.ecored.org.do\/cms\/wp-json\/wp\/v2\/pages\/661\/revisions\/1028"}],"wp:featuredmedia":[{"embeddable":true,"href":"https:\/\/ganancias-sostenibles.ecored.org.do\/cms\/wp-json\/wp\/v2\/media\/675"}],"wp:attachment":[{"href":"https:\/\/ganancias-sostenibles.ecored.org.do\/cms\/wp-json\/wp\/v2\/media?parent=661"}],"curies":[{"name":"wp","href":"https:\/\/api.w.org\/{rel}","templated":true}]}}