{"id":602,"date":"2017-12-15T13:52:31","date_gmt":"2017-12-15T13:52:31","guid":{"rendered":"http:\/\/ganancias-sostenibles.ecored.org.do\/?page_id=602"},"modified":"2017-12-19T18:15:38","modified_gmt":"2017-12-19T18:15:38","slug":"ganancias-sostenibles-2016","status":"publish","type":"page","link":"https:\/\/ganancias-sostenibles.ecored.org.do\/cms\/ganancias-sostenibles-2016\/","title":{"rendered":"Ganancias Sostenibles 2016"},"content":{"rendered":"<p>[vc_row full_width=\u00bbstretch_row_content\u00bb css=\u00bb.vc_custom_1513365208367{background-image: url(https:\/\/ganancias-sostenibles.ecored.org.do\/cms\/\/ganancias-sostenibles.ecored.org.do\/content\/uploads\/2017\/12\/MG_3251_preview-1.jpg?id=692) !important;background-position: center !important;background-repeat: no-repeat !important;background-size: cover !important;}\u00bb el_class=\u00bboverflow-visible showcase\u00bb el_id=\u00bbinicio\u00bb][vc_column]<div class=\"hero-banner style-two\">\n\t\t\t\t<div class=\"container\">\n\t\t\t\t\t<div class=\"row\">\n\t\t\t\t\t\t<div class=\"col-md-8\"><h1 class=\"entry-title wow fadeInUp\" data-wow-duration=\"1.5s\" data-wow-delay=\"0s\">Ganancias Sostenibles 2016<\/h1><p class=\"entry-date wow fadeInUp\" data-wow-duration=\"1.5s\" data-wow-delay=\"1s\">Agenda 2030: Oportunidades para el sector privado<\/p><\/div>\n\t\t\t\t\t\t<div class=\"col-md-4\">\n\t\t\t\t\t\t\t<div role=\"form\" class=\"wpcf7\" id=\"wpcf7-f256-o1\" lang=\"en-US\" dir=\"ltr\">\n<div class=\"screen-reader-response\"><p role=\"status\" aria-live=\"polite\" aria-atomic=\"true\"><\/p> <ul><\/ul><\/div>\n<form action=\"\/cms\/wp-json\/wp\/v2\/pages\/602#wpcf7-f256-o1\" method=\"post\" class=\"wpcf7-form init\" novalidate=\"novalidate\" data-status=\"init\">\n<div style=\"display: none;\">\n<input type=\"hidden\" name=\"_wpcf7\" value=\"256\" \/>\n<input type=\"hidden\" name=\"_wpcf7_version\" value=\"5.5.3\" \/>\n<input type=\"hidden\" name=\"_wpcf7_locale\" value=\"en_US\" \/>\n<input type=\"hidden\" name=\"_wpcf7_unit_tag\" value=\"wpcf7-f256-o1\" \/>\n<input type=\"hidden\" name=\"_wpcf7_container_post\" value=\"0\" \/>\n<input type=\"hidden\" name=\"_wpcf7_posted_data_hash\" value=\"\" \/>\n<\/div>\n<div class=\"event-register\">\n<h4 class=\"entry-heading\">Mant\u00e9ngase informado sobre nuestros eventos. Suscr\u00edbase a nuestro bolet\u00edn<\/h4>\n<p>\t<span class=\"wpcf7-form-control-wrap text-4\"><input type=\"text\" name=\"text-4\" value=\"\" size=\"40\" class=\"wpcf7-form-control wpcf7-text wpcf7-validates-as-required form-control\" aria-required=\"true\" aria-invalid=\"false\" placeholder=\"Nombre Completo\" \/><\/span><br \/>\n\t<span class=\"wpcf7-form-control-wrap email-354\"><input type=\"email\" name=\"email-354\" value=\"\" size=\"40\" class=\"wpcf7-form-control wpcf7-text wpcf7-email wpcf7-validates-as-required wpcf7-validates-as-email form-control\" aria-required=\"true\" aria-invalid=\"false\" placeholder=\"Email\" \/><\/span><br \/>\n\t<span class=\"wpcf7-form-control-wrap tel-749\"><input type=\"tel\" name=\"tel-749\" value=\"\" size=\"40\" class=\"wpcf7-form-control wpcf7-text wpcf7-tel wpcf7-validates-as-tel form-control\" aria-invalid=\"false\" placeholder=\"Tel\u00e9fono\" \/><\/span><br \/>\n\t<span class=\"wpcf7-form-control-wrap text-5\"><input type=\"text\" name=\"text-5\" value=\"\" size=\"40\" class=\"wpcf7-form-control wpcf7-text form-control\" aria-invalid=\"false\" placeholder=\"Empresa\/Instituci\u00f3n\" \/><\/span><br \/>\n\t<input type=\"submit\" value=\"ENVIAR\" class=\"wpcf7-form-control has-spinner wpcf7-submit btn-default\" \/>\n<\/p><\/div>\n<div class=\"wpcf7-response-output\" aria-hidden=\"true\"><\/div><\/form><\/div>\n\t\t\t\t\t\t<\/div>\n\t\t\t\t\t\t<div class=\"col-md-12\"><\/div>\n\t\t\t\t\t<\/div>\n\t\t\t\t<\/div>\n\t\t\t<\/div>[\/vc_column][\/vc_row][vc_row full_width=\u00bbstretch_row\u00bb equal_height=\u00bbyes\u00bb content_placement=\u00bbmiddle\u00bb css=\u00bb.vc_custom_1510759410081{background-position: center !important;background-repeat: no-repeat !important;background-size: cover !important;}\u00bb el_class=\u00bbpadding-tb12090&#8243;][vc_column][vc_custom_heading text=\u00bbGanancias Sostenibles 2016<br \/>\nAgenda 2030: Oportunidades para el sector privado\u00bb font_container=\u00bbtag:h2|text_align:center\u00bb use_theme_fonts=\u00bbyes\u00bb][\/vc_column][vc_column width=\u00bb1\/4&#8243;][vc_single_image image=\u00bb634&#8243; img_size=\u00bbmedium\u00bb alignment=\u00bbcenter\u00bb onclick=\u00bblink_image\u00bb el_class=\u00bbzoom-button\u00bb][\/vc_column][vc_column width=\u00bb3\/4&#8243;][vc_column_text]<\/p>\n<h3>OBJETIVO<\/h3>\n<p>Un llamado de acci\u00f3n al sector privado dominicano sobre los desaf\u00edos y oportunidades que presenta la agenda estrat\u00e9gica mundial de desarrollo sostenible hasta el 2030, establecida por la Organizaci\u00f3n de Naciones Unidas (ONU), desde una visi\u00f3n vinculante con la Estrategia Nacional de Desarrollo y los Acuerdos de Paris post COP21.[\/vc_column_text][\/vc_column][\/vc_row][vc_row full_width=\u00bbstretch_row\u00bb css=\u00bb.vc_custom_1510770152416{background-position: center !important;background-repeat: no-repeat !important;background-size: cover !important;}\u00bb el_class=\u00bbpadding-tb12090 green-container\u00bb el_id=\u00bbprograma-del-evento\u00bb][vc_column]<div class=\"section-header style-two\">\n\t\t\t<h2 class=\"entry_title\">Programa del evento<\/h2>\n\t\t<\/div>[vc_column_text]<\/p>\n<h3>Palabras de bienvenida<\/h3>\n<ul>\n<li><b>ECORED<br \/>\n<\/b><\/li>\n<\/ul>\n<h4>Introducci\u00f3n<\/h4>\n<ul>\n<li><strong>Sr. Italo Pizzolante<\/strong><\/li>\n<\/ul>\n<h4>Conferencia<\/h4>\n<p><strong>\u201cAgenda 2030, los desaf\u00edos del pa\u00eds y del sector privado\u201d <\/strong><\/p>\n<ul>\n<li><strong>Sra. Luciana Mermet<\/strong><br \/>\nRepresentante adjunta del PNUD<\/li>\n<\/ul>\n<h4>Conferencia<\/h4>\n<p><strong>\u201cSinergias\u00a0 entre la\u00a0 Agenda 2030, los acuerdos de Paris y la Estrategia Nacional de Desarrollo\u201d<\/strong><\/p>\n<ul>\n<li><b>Sr. Omar Ram\u00edrez Tejada<\/b><br \/>\nAsesor ambiental del Poder Ejecutivo<\/li>\n<\/ul>\n<h4>Conferencia Magistral<\/h4>\n<p><strong>\u201cEl sector privado dominicano, sus ventajas y oportunidades en la nueva agenda de desarrollo\u201d<\/strong><\/p>\n<ul>\n<li><strong>Dr. Luis Miguel Galindo\u00a0<\/strong><br \/>\nCEPAL<\/li>\n<\/ul>\n<h4>Panel de cierre<\/h4>\n<p><strong>\u201cPosici\u00f3n del Sector Privado Dominicano\u201d<\/strong><\/p>\n<ul>\n<li><strong>CEPAL<\/strong><\/li>\n<li><strong>AIRD<br \/>\n<\/strong><\/li>\n<li><strong>ASONAHORES<\/strong><\/li>\n<\/ul>\n<p>[\/vc_column_text][\/vc_column][\/vc_row][vc_row el_class=\u00bbpadding-t120&#8243; el_id=\u00bbpresentaciones\u00bb][vc_column]<div class=\"section-header\">\n\t\t\t<h2 class=\"entry_title\">PRESENTACIONES<\/h2>\n\t\t<\/div>[vc_column_text el_class=\u00bb green-table\u00bb]<\/p>\n<table class=\" alignleft\" width=\"100%\">\n<tbody>\n<tr>\n<td>ARCHIVO<\/td>\n<td>TEMA<\/td>\n<td>CONFERENCISTA<\/td>\n<\/tr>\n<tr>\n<td><a href=\"https:\/\/ganancias-sostenibles.ecored.org.do\/cms\/\/ganancias-sostenibles.ecored.org.do\/content\/uploads\/2017\/12\/DrGalindo-RDsectorprivado1.pdf\" target=\"_blank\" rel=\"noopener\">DESCARGAR PRESENTACI\u00d3N<\/a><\/td>\n<td>El Sector Privado Dominicano, sus ventajas y oportunidades en la nueva agenda de desarrollo<\/td>\n<td>Dr. Luis Miguel Galindo<\/td>\n<\/tr>\n<tr>\n<td><a href=\"https:\/\/ganancias-sostenibles.ecored.org.do\/cms\/\/ganancias-sostenibles.ecored.org.do\/content\/uploads\/2017\/12\/LucianaMermet-Presentaci\u00f3n-ODS-Sector-Privado.pdf\" target=\"_blank\" rel=\"noopener\">DESCARGAR PRESENTACI\u00d3N<\/a><\/td>\n<td>Agenda 2030: Los desaf\u00edos del pa\u00eds y del sector privado<\/td>\n<td>Sra. Luciana Mermet<\/td>\n<\/tr>\n<tr>\n<td><a href=\"https:\/\/ganancias-sostenibles.ecored.org.do\/cms\/\/ganancias-sostenibles.ecored.org.do\/content\/uploads\/2017\/12\/OmarRamirez-PPtGanancias-Sostenibles2016.pdf\" target=\"_blank\" rel=\"noopener\">DESCARGAR PRESENTACI\u00d3N<\/a><\/td>\n<td>Sinergias entre la Agenda 2030, los acuerdo de Paris y la Estrategia Nacional de Desarrollo<\/td>\n<td>Sr. Omar Ramirez Tejada<\/td>\n<\/tr>\n<\/tbody>\n<\/table>\n<p>[\/vc_column_text][\/vc_column][\/vc_row][vc_row el_class=\u00bbpadding-t120&#8243; el_id=\u00bbpatrocinadores\u00bb][vc_column]<div class=\"section-header\">\n\t\t\t<h2 class=\"entry_title\">PATROCINADORES<\/h2>\n\t\t<\/div>[vc_row_inner el_class=\u00bbpremium-logos\u00bb][vc_column_inner]<div class=\"client-section\">\n\t\t\t<ul class=\"clients\"><li class=\" wow fadeInUp\" data-wow-duration=\"1.5s\" data-wow-delay=\"0s\">\n\t\t\t\t\t\t\t<div class=\"client-thumb\">\n\t\t\t\t\t\t\t\t<img src=\"https:\/\/ganancias-sostenibles.ecored.org.do\/content\/uploads\/2017\/12\/universal.jpg\" alt=\"Client Thumbnail\">\n\t\t\t\t\t\t\t<\/div>\n\t\t\t\t\t\t<\/li><li class=\" wow fadeInUp\" data-wow-duration=\"1.5s\" data-wow-delay=\"0.5s\">\n\t\t\t\t\t\t\t<div class=\"client-thumb\">\n\t\t\t\t\t\t\t\t<img src=\"https:\/\/ganancias-sostenibles.ecored.org.do\/content\/uploads\/2017\/06\/rica-190x99.jpg\" alt=\"Client Thumbnail\">\n\t\t\t\t\t\t\t<\/div>\n\t\t\t\t\t\t<\/li><li class=\" wow fadeInUp\" data-wow-duration=\"1.5s\" data-wow-delay=\"1s\">\n\t\t\t\t\t\t\t<div class=\"client-thumb\">\n\t\t\t\t\t\t\t\t<img src=\"https:\/\/ganancias-sostenibles.ecored.org.do\/content\/uploads\/2017\/06\/aes-dominicana-190x99.jpg\" alt=\"Client Thumbnail\">\n\t\t\t\t\t\t\t<\/div>\n\t\t\t\t\t\t<\/li><\/ul>\n\t\t<\/div>[\/vc_column_inner][\/vc_row_inner][vc_row_inner el_class=\u00bbregular-logos\u00bb][vc_column_inner]<div class=\"client-section\">\n\t\t\t<ul class=\"clients\"><li class=\" wow fadeInUp\" data-wow-duration=\"1.5s\" data-wow-delay=\"0s\">\n\t\t\t\t\t\t\t<div class=\"client-thumb\">\n\t\t\t\t\t\t\t\t<img src=\"https:\/\/ganancias-sostenibles.ecored.org.do\/content\/uploads\/2017\/12\/sid.jpg\" alt=\"Client Thumbnail\">\n\t\t\t\t\t\t\t<\/div>\n\t\t\t\t\t\t<\/li><li class=\" wow fadeInUp\" data-wow-duration=\"1.5s\" data-wow-delay=\"0.5s\">\n\t\t\t\t\t\t\t<div class=\"client-thumb\">\n\t\t\t\t\t\t\t\t<img src=\"https:\/\/ganancias-sostenibles.ecored.org.do\/content\/uploads\/2017\/12\/propagas-50.jpg\" alt=\"Client Thumbnail\">\n\t\t\t\t\t\t\t<\/div>\n\t\t\t\t\t\t<\/li><li class=\" wow fadeInUp\" data-wow-duration=\"1.5s\" data-wow-delay=\"1s\">\n\t\t\t\t\t\t\t<div class=\"client-thumb\">\n\t\t\t\t\t\t\t\t<img src=\"https:\/\/ganancias-sostenibles.ecored.org.do\/content\/uploads\/2017\/06\/gildan-190x99.jpg\" alt=\"Client Thumbnail\">\n\t\t\t\t\t\t\t<\/div>\n\t\t\t\t\t\t<\/li><li class=\" wow fadeInUp\" data-wow-duration=\"1.5s\" data-wow-delay=\"1.5s\">\n\t\t\t\t\t\t\t<div class=\"client-thumb\">\n\t\t\t\t\t\t\t\t<img src=\"https:\/\/ganancias-sostenibles.ecored.org.do\/content\/uploads\/2017\/06\/fundacion-tropigas-190x99.jpg\" alt=\"Client Thumbnail\">\n\t\t\t\t\t\t\t<\/div>\n\t\t\t\t\t\t<\/li><li class=\" wow fadeInUp\" data-wow-duration=\"1.5s\" data-wow-delay=\"2s\">\n\t\t\t\t\t\t\t<div class=\"client-thumb\">\n\t\t\t\t\t\t\t\t<img src=\"https:\/\/ganancias-sostenibles.ecored.org.do\/content\/uploads\/2017\/12\/coca-cola.jpg\" alt=\"Client Thumbnail\">\n\t\t\t\t\t\t\t<\/div>\n\t\t\t\t\t\t<\/li><\/ul>\n\t\t<\/div><div class=\"client-section\">\n\t\t\t<ul class=\"clients\"><li class=\" wow fadeInUp\" data-wow-duration=\"1.5s\" data-wow-delay=\"0s\">\n\t\t\t\t\t\t\t<div class=\"client-thumb\">\n\t\t\t\t\t\t\t\t<img src=\"https:\/\/ganancias-sostenibles.ecored.org.do\/content\/uploads\/2017\/12\/cemex.jpg\" alt=\"Client Thumbnail\">\n\t\t\t\t\t\t\t<\/div>\n\t\t\t\t\t\t<\/li><li class=\" wow fadeInUp\" data-wow-duration=\"1.5s\" data-wow-delay=\"0.5s\">\n\t\t\t\t\t\t\t<div class=\"client-thumb\">\n\t\t\t\t\t\t\t\t<img src=\"https:\/\/ganancias-sostenibles.ecored.org.do\/content\/uploads\/2017\/06\/metaldom-190x99.jpg\" alt=\"Client Thumbnail\">\n\t\t\t\t\t\t\t<\/div>\n\t\t\t\t\t\t<\/li><li class=\" wow fadeInUp\" data-wow-duration=\"1.5s\" data-wow-delay=\"1s\">\n\t\t\t\t\t\t\t<div class=\"client-thumb\">\n\t\t\t\t\t\t\t\t<img src=\"https:\/\/ganancias-sostenibles.ecored.org.do\/content\/uploads\/2017\/12\/popular.jpg\" alt=\"Client Thumbnail\">\n\t\t\t\t\t\t\t<\/div>\n\t\t\t\t\t\t<\/li><li class=\" wow fadeInUp\" data-wow-duration=\"1.5s\" data-wow-delay=\"1.5s\">\n\t\t\t\t\t\t\t<div class=\"client-thumb\">\n\t\t\t\t\t\t\t\t<img src=\"https:\/\/ganancias-sostenibles.ecored.org.do\/content\/uploads\/2017\/06\/bepensa-190x99.jpg\" alt=\"Client Thumbnail\">\n\t\t\t\t\t\t\t<\/div>\n\t\t\t\t\t\t<\/li><\/ul>\n\t\t<\/div>[\/vc_column_inner][\/vc_row_inner][\/vc_column][\/vc_row][vc_row full_width=\u00bbstretch_row_content\u00bb css_animation=\u00bbnone\u00bb el_class=\u00bbpadding-t120&#8243; el_id=\u00bbgaleria\u00bb][vc_column]<div class=\"section-header\">\n\t\t\t<h2 class=\"entry_title\">GALER\u00cdA<\/h2>\n\t\t<\/div>[vc_tta_tabs style=\u00bbflat\u00bb shape=\u00bbsquare\u00bb color=\u00bbwhite\u00bb spacing=\u00bb10&#8243; gap=\u00bb10&#8243; alignment=\u00bbcenter\u00bb active_section=\u00bb1&#8243; no_fill_content_area=\u00bbtrue\u00bb el_class=\u00bbcustom-tabs\u00bb][vc_tta_section title=\u00bbFOTOS\u00bb tab_id=\u00bb1510849144039-17f208e8-1cfe\u00bb][vc_gallery type=\u00bbimage_grid\u00bb images=\u00bb611,612,613,614,615,616,617,618,619,620,621,622,623,624,625,626,627,628,629,636,637,638,639,640&#8243; img_size=\u00bb200&#215;200&#8243; el_class=\u00bbimage-gallery\u00bb][\/vc_tta_section][vc_tta_section title=\u00bbV\u00eddeos\u00bb tab_id=\u00bb1513362690641-4df5203c-d2cf\u00bb el_class=\u00bbvideo-gallery\u00bb][vc_video link=\u00bbhttps:\/\/www.youtube.com\/watch?v=UlIdwjICUls\u00bb][vc_video link=\u00bbhttps:\/\/www.youtube.com\/watch?v=qvtrq33j8Wo\u00bb][vc_video link=\u00bbhttps:\/\/www.youtube.com\/watch?v=I9CcbXm31Y0&#8243;][vc_video link=\u00bbhttps:\/\/www.youtube.com\/watch?v=0LVwHfDWXEQ\u00bb][vc_video link=\u00bbhttps:\/\/www.youtube.com\/watch?v=3VnIthoG3bs\u00bb][vc_video link=\u00bbhttps:\/\/www.youtube.com\/watch?v=QEfXS-wZDXU\u00bb][vc_video link=\u00bbhttps:\/\/www.youtube.com\/watch?v=tJcfOAQYEu4&#8243;][vc_video link=\u00bbhttps:\/\/www.youtube.com\/watch?v=MQZaKE7sLQk&amp;t=32s\u00bb][vc_video link=\u00bbhttps:\/\/www.youtube.com\/watch?v=aVJxFUDHuCg\u00bb][\/vc_tta_section][\/vc_tta_tabs][\/vc_column][\/vc_row][vc_row full_width=\u00bbstretch_row\u00bb el_class=\u00bbpadding-tb12090 related-events\u00bb css=\u00bb.vc_custom_1513707332669{background-image: url(https:\/\/ganancias-sostenibles.ecored.org.do\/cms\/\/ganancias-sostenibles.ecored.org.do\/content\/uploads\/2017\/12\/eventos-pasados.bg_.jpg?id=731) !important;background-position: center !important;background-repeat: no-repeat !important;background-size: cover !important;}\u00bb][vc_column]<div class=\"section-header style-two\">\n\t\t\t<h2 class=\"entry_title\">Eventos Relacionados<\/h2>\n\t\t<\/div>[vc_basic_grid post_type=\u00bbpage\u00bb max_items=\u00bb-1&#8243; element_width=\u00bb12&#8243; gap=\u00bb0&#8243; orderby=\u00bbtitle\u00bb item=\u00bb735&#8243; grid_id=\u00bbvc_gid:1513707191353-6d7fd75f-6d1a-10&#8243; el_class=\u00bbrelated-posts-grid\u00bb][\/vc_column][\/vc_row]<\/p>\n","protected":false},"excerpt":{"rendered":"<p>[vc_row full_width=\u00bbstretch_row_content\u00bb css=\u00bb.vc_custom_1513365208367{background-image: url(https:\/\/ganancias-sostenibles.ecored.org.do\/cms\/\/ganancias-sostenibles.ecored.org.do\/content\/uploads\/2017\/12\/MG_3251_preview-1.jpg?id=692) !important;background-position: center !important;background-repeat: no-repeat !important;background-size: cover !important;}\u00bb el_class=\u00bboverflow-visible showcase\u00bb el_id=\u00bbinicio\u00bb][vc_column][\/vc_column][\/vc_row][vc_row full_width=\u00bbstretch_row\u00bb equal_height=\u00bbyes\u00bb content_placement=\u00bbmiddle\u00bb css=\u00bb.vc_custom_1510759410081{background-position: center !important;background-repeat: no-repeat !important;background-size: cover !important;}\u00bb el_class=\u00bbpadding-tb12090&#8243;][vc_column][vc_custom_heading text=\u00bbGanancias Sostenibles 2016 Agenda 2030: Oportunidades para el sector privado\u00bb font_container=\u00bbtag:h2|text_align:center\u00bb use_theme_fonts=\u00bbyes\u00bb][\/vc_column][vc_column width=\u00bb1\/4&#8243;][vc_single_image image=\u00bb634&#8243; img_size=\u00bbmedium\u00bb alignment=\u00bbcenter\u00bb onclick=\u00bblink_image\u00bb el_class=\u00bbzoom-button\u00bb][\/vc_column][vc_column width=\u00bb3\/4&#8243;][vc_column_text] OBJETIVO Un llamado de acci\u00f3n al sector privado dominicano sobre los [&hellip;]<\/p>\n","protected":false},"author":1,"featured_media":692,"parent":0,"menu_order":0,"comment_status":"closed","ping_status":"closed","template":"page-vc.php","meta":[],"acf":[],"_links":{"self":[{"href":"https:\/\/ganancias-sostenibles.ecored.org.do\/cms\/wp-json\/wp\/v2\/pages\/602"}],"collection":[{"href":"https:\/\/ganancias-sostenibles.ecored.org.do\/cms\/wp-json\/wp\/v2\/pages"}],"about":[{"href":"https:\/\/ganancias-sostenibles.ecored.org.do\/cms\/wp-json\/wp\/v2\/types\/page"}],"author":[{"embeddable":true,"href":"https:\/\/ganancias-sostenibles.ecored.org.do\/cms\/wp-json\/wp\/v2\/users\/1"}],"replies":[{"embeddable":true,"href":"https:\/\/ganancias-sostenibles.ecored.org.do\/cms\/wp-json\/wp\/v2\/comments?post=602"}],"version-history":[{"count":27,"href":"https:\/\/ganancias-sostenibles.ecored.org.do\/cms\/wp-json\/wp\/v2\/pages\/602\/revisions"}],"predecessor-version":[{"id":788,"href":"https:\/\/ganancias-sostenibles.ecored.org.do\/cms\/wp-json\/wp\/v2\/pages\/602\/revisions\/788"}],"wp:featuredmedia":[{"embeddable":true,"href":"https:\/\/ganancias-sostenibles.ecored.org.do\/cms\/wp-json\/wp\/v2\/media\/692"}],"wp:attachment":[{"href":"https:\/\/ganancias-sostenibles.ecored.org.do\/cms\/wp-json\/wp\/v2\/media?parent=602"}],"curies":[{"name":"wp","href":"https:\/\/api.w.org\/{rel}","templated":true}]}}