{"id":210,"date":"2017-06-06T09:01:09","date_gmt":"2017-06-06T09:01:09","guid":{"rendered":"http:\/\/shapeux.com\/wp\/theme\/evecon\/home-copy\/"},"modified":"2019-11-12T18:49:00","modified_gmt":"2019-11-12T18:49:00","slug":"ganancias-sostenibles-2017","status":"publish","type":"page","link":"https:\/\/ganancias-sostenibles.ecored.org.do\/cms\/ganancias-sostenibles-2017\/","title":{"rendered":"Ganancias Sostenibles 2017"},"content":{"rendered":"<p>[vc_row full_width=\u00bbstretch_row_content\u00bb css=\u00bb.vc_custom_1533741706152{background-image: url(https:\/\/ganancias-sostenible.staging.gbh.com.do\/content\/uploads\/2017\/06\/showcase-ganancias-sostenibles-2017.jpg?id=447) !important;background-position: center !important;background-repeat: no-repeat !important;background-size: cover !important;}\u00bb el_class=\u00bboverflow-visible showcase\u00bb el_id=\u00bbinicio\u00bb][vc_column]<div class=\"hero-banner style-two\">\n\t\t\t\t<div class=\"container\">\n\t\t\t\t\t<div class=\"row\">\n\t\t\t\t\t\t<div class=\"col-md-8\"><h1 class=\"entry-title wow fadeInUp\" data-wow-duration=\"1.5s\" data-wow-delay=\"0s\">Ganancias Sostenibles 2017<\/h1><p class=\"entry-date wow fadeInUp\" data-wow-duration=\"1.5s\" data-wow-delay=\"1s\">El nuevo modelo de desarrollo<\/p><\/div>\n\t\t\t\t\t\t<div class=\"col-md-4\">\n\t\t\t\t\t\t\t<div role=\"form\" class=\"wpcf7\" id=\"wpcf7-f256-o1\" lang=\"en-US\" dir=\"ltr\">\n<div class=\"screen-reader-response\"><p role=\"status\" aria-live=\"polite\" aria-atomic=\"true\"><\/p> <ul><\/ul><\/div>\n<form action=\"\/cms\/wp-json\/wp\/v2\/pages\/210#wpcf7-f256-o1\" method=\"post\" class=\"wpcf7-form init\" novalidate=\"novalidate\" data-status=\"init\">\n<div style=\"display: none;\">\n<input type=\"hidden\" name=\"_wpcf7\" value=\"256\" \/>\n<input type=\"hidden\" name=\"_wpcf7_version\" value=\"5.5.3\" \/>\n<input type=\"hidden\" name=\"_wpcf7_locale\" value=\"en_US\" \/>\n<input type=\"hidden\" name=\"_wpcf7_unit_tag\" value=\"wpcf7-f256-o1\" \/>\n<input type=\"hidden\" name=\"_wpcf7_container_post\" value=\"0\" \/>\n<input type=\"hidden\" name=\"_wpcf7_posted_data_hash\" value=\"\" \/>\n<\/div>\n<div class=\"event-register\">\n<h4 class=\"entry-heading\">Mant\u00e9ngase informado sobre nuestros eventos. Suscr\u00edbase a nuestro bolet\u00edn<\/h4>\n<p>\t<span class=\"wpcf7-form-control-wrap text-4\"><input type=\"text\" name=\"text-4\" value=\"\" size=\"40\" class=\"wpcf7-form-control wpcf7-text wpcf7-validates-as-required form-control\" aria-required=\"true\" aria-invalid=\"false\" placeholder=\"Nombre Completo\" \/><\/span><br \/>\n\t<span class=\"wpcf7-form-control-wrap email-354\"><input type=\"email\" name=\"email-354\" value=\"\" size=\"40\" class=\"wpcf7-form-control wpcf7-text wpcf7-email wpcf7-validates-as-required wpcf7-validates-as-email form-control\" aria-required=\"true\" aria-invalid=\"false\" placeholder=\"Email\" \/><\/span><br \/>\n\t<span class=\"wpcf7-form-control-wrap tel-749\"><input type=\"tel\" name=\"tel-749\" value=\"\" size=\"40\" class=\"wpcf7-form-control wpcf7-text wpcf7-tel wpcf7-validates-as-tel form-control\" aria-invalid=\"false\" placeholder=\"Tel\u00e9fono\" \/><\/span><br \/>\n\t<span class=\"wpcf7-form-control-wrap text-5\"><input type=\"text\" name=\"text-5\" value=\"\" size=\"40\" class=\"wpcf7-form-control wpcf7-text form-control\" aria-invalid=\"false\" placeholder=\"Empresa\/Instituci\u00f3n\" \/><\/span><br \/>\n\t<input type=\"submit\" value=\"ENVIAR\" class=\"wpcf7-form-control has-spinner wpcf7-submit btn-default\" \/>\n<\/p><\/div>\n<div class=\"wpcf7-response-output\" aria-hidden=\"true\"><\/div><\/form><\/div>\n\t\t\t\t\t\t<\/div>\n\t\t\t\t\t\t<div class=\"col-md-12\"><\/div>\n\t\t\t\t\t<\/div>\n\t\t\t\t<\/div>\n\t\t\t<\/div>[\/vc_column][\/vc_row][vc_row full_width=\u00bbstretch_row\u00bb equal_height=\u00bbyes\u00bb content_placement=\u00bbmiddle\u00bb css=\u00bb.vc_custom_1510759410081{background-position: center !important;background-repeat: no-repeat !important;background-size: cover !important;}\u00bb el_class=\u00bbpadding-tb12090&#8243;][vc_column][vc_custom_heading text=\u00bbGanancias Sostenibles 2017<br \/>\nEl nuevo modelo de desarrollo\u00bb font_container=\u00bbtag:h2|text_align:center\u00bb use_theme_fonts=\u00bbyes\u00bb][\/vc_column][vc_column width=\u00bb1\/4&#8243;][vc_single_image image=\u00bb564&#8243; img_size=\u00bbmedium\u00bb alignment=\u00bbcenter\u00bb onclick=\u00bblink_image\u00bb el_class=\u00bbzoom-button\u00bb][\/vc_column][vc_column width=\u00bb3\/4&#8243;][vc_column_text]<\/p>\n<h3>OBJETIVO<\/h3>\n<p>Sensibilizar e informar al sector privado dominicano acerca de su rol en el logro del Objetivo de Desarrollo Sostenible 12 \u201cConsumo y Producci\u00f3n Responsables\u201d, incorporando el concepto de Econom\u00eda Circular, sus beneficios, retos y la hoja de ruta para la trasformaci\u00f3n del modelo productivo del pa\u00eds.[\/vc_column_text][\/vc_column][\/vc_row][vc_row full_width=\u00bbstretch_row\u00bb css=\u00bb.vc_custom_1510770152416{background-position: center !important;background-repeat: no-repeat !important;background-size: cover !important;}\u00bb el_class=\u00bbpadding-tb12090 green-container\u00bb el_id=\u00bbprograma-del-evento\u00bb][vc_column]<div class=\"section-header style-two\">\n\t\t\t<h2 class=\"entry_title\">Programa del evento<\/h2>\n\t\t<\/div>[vc_column_text]<\/p>\n<h3>Palabras de bienvenida<\/h3>\n<ul>\n<li><strong>Sr. Rafael Izquierdo<\/strong><br \/>\nPresidente de EcoRed<\/li>\n<li><strong>Sr. Lorenzo Jim\u00e9nez de Luis<\/strong><br \/>\nCoordinador Residente de Naciones Unidas<\/li>\n<\/ul>\n<h4>Conferencia<\/h4>\n<p><strong>\u201cImperativo y Oportunidades del Consumo y Producci\u00f3n Sostenibles\u201d<\/strong><\/p>\n<ul>\n<li><strong>Sra. Adriana Zacar\u00edas Farah<\/strong><br \/>\nCoordinadora Regional, Eficiencia de Recursos, ONU Medio Ambiente, Am\u00e9rica Latina y el Caribe<\/li>\n<\/ul>\n<h4>Conferencia<\/h4>\n<p><strong>\u201cVisi\u00f3n del Estado dominicano frente al ODS12\u201d <\/strong><\/p>\n<ul>\n<li><strong>Lic Francisco Dom\u00ednguez Brito<\/strong><br \/>\nMinistro de Medio Ambiente y Recursos Naturales<\/li>\n<\/ul>\n<h4>Panel<\/h4>\n<p><strong>\u201cLos desaf\u00edos del nuevo modelo de negocio\u201d<\/strong><\/p>\n<ul>\n<li><strong>Dr. Juan Tom\u00e1s Monegro<\/strong><br \/>\nViceministro de Desarrollo Industrial, Ministerio de Industria y Comercio<\/li>\n<li><strong>Antonio Ramos<\/strong><br \/>\nPasado presidente de ONEC<\/li>\n<li><strong>Vielka Guzm\u00e1n<\/strong><br \/>\nGerente de Asuntos P\u00fablicos y Comunicaciones para el Caribe de The Coca-Cola Company<\/li>\n<li><strong>Rafael Izquierdo<\/strong><br \/>\nPresidente de EcoRED<\/li>\n<li><strong>Thony Da Silva (Moderador)<\/strong><br \/>\nSocio de Pizzolante<\/li>\n<\/ul>\n<h4>Conferencia Magistral<\/h4>\n<p><strong>\u201cEconom\u00eda circular: visi\u00f3n e inclusi\u00f3n en los negocios sostenibles\u201d<\/strong><\/p>\n<ul>\n<li><strong>Dra. Izarelly Rosillo Pantoja<\/strong><br \/>\nConsultora de Gesti\u00f3n Integral de Residuos<\/li>\n<\/ul>\n<p>[\/vc_column_text][\/vc_column][\/vc_row][vc_row el_class=\u00bbpadding-t120&#8243; el_id=\u00bbpresentaciones\u00bb][vc_column]<div class=\"section-header\">\n\t\t\t<h2 class=\"entry_title\">PRESENTACIONES<\/h2>\n\t\t<\/div>[vc_column_text el_class=\u00bb green-table\u00bb]<\/p>\n<table class=\" alignleft\" width=\"100%\">\n<tbody>\n<tr>\n<td>ARCHIVO<\/td>\n<td>TEMA<\/td>\n<td>CONFERENCISTA<\/td>\n<\/tr>\n<tr>\n<td><a href=\"https:\/\/ganancias-sostenibles.ecored.org.do\/cms\/\/ganancias-sostenibles.ecored.org.do\/content\/uploads\/2017\/06\/imperativo-y-oportunidades-del-consumo-y-produccion-sostenibles.pdf\" target=\"_blank\" rel=\"noopener\">DESCARGAR PRESENTACI\u00d3N<\/a><\/td>\n<td>Imperativo y Oportunidades del Consumo y Producci\u00f3n Sostenibles<\/td>\n<td>Adriana Zacarias Farah<\/td>\n<\/tr>\n<tr>\n<td><a href=\"https:\/\/ganancias-sostenibles.ecored.org.do\/cms\/\/ganancias-sostenibles.ecored.org.do\/content\/uploads\/2017\/06\/economia-circular-vision-e-inclusion-en-los-negocios-sostenibles.pdf\" target=\"_blank\" rel=\"noopener\">DESCARGAR PRESENTACI\u00d3N<\/a><\/td>\n<td>Econom\u00eda Circular: Visi\u00f3n e Inclusi\u00f3n en los Negocios Sostenibles<\/td>\n<td>Dra.\u00a0Izarelly Rosillo\u00a0Pantoja<\/td>\n<\/tr>\n<\/tbody>\n<\/table>\n<p>[\/vc_column_text][\/vc_column][\/vc_row][vc_row el_class=\u00bbpadding-t120&#8243; el_id=\u00bbpatrocinadores\u00bb][vc_column]<div class=\"section-header\">\n\t\t\t<h2 class=\"entry_title\">PATROCINADORES<\/h2>\n\t\t<\/div>[vc_row_inner el_class=\u00bbpremium-logos\u00bb][vc_column_inner]<div class=\"client-section\">\n\t\t\t<ul class=\"clients\"><li class=\" wow fadeInUp\" data-wow-duration=\"1.5s\" data-wow-delay=\"0s\">\n\t\t\t\t\t\t\t<div class=\"client-thumb\">\n\t\t\t\t\t\t\t\t<img src=\"https:\/\/ganancias-sostenibles.ecored.org.do\/content\/uploads\/2017\/06\/coca-cola-190x99.jpg\" alt=\"Client Thumbnail\">\n\t\t\t\t\t\t\t<\/div>\n\t\t\t\t\t\t<\/li><li class=\" wow fadeInUp\" data-wow-duration=\"1.5s\" data-wow-delay=\"0.5s\">\n\t\t\t\t\t\t\t<div class=\"client-thumb\">\n\t\t\t\t\t\t\t\t<img src=\"https:\/\/ganancias-sostenibles.ecored.org.do\/content\/uploads\/2017\/06\/bepensa-190x99.jpg\" alt=\"Client Thumbnail\">\n\t\t\t\t\t\t\t<\/div>\n\t\t\t\t\t\t<\/li><li class=\" wow fadeInUp\" data-wow-duration=\"1.5s\" data-wow-delay=\"1s\">\n\t\t\t\t\t\t\t<div class=\"client-thumb\">\n\t\t\t\t\t\t\t\t<img src=\"https:\/\/ganancias-sostenibles.ecored.org.do\/content\/uploads\/2017\/06\/universal-seguros-190x99.jpg\" alt=\"Client Thumbnail\">\n\t\t\t\t\t\t\t<\/div>\n\t\t\t\t\t\t<\/li><li class=\" wow fadeInUp\" data-wow-duration=\"1.5s\" data-wow-delay=\"1.5s\">\n\t\t\t\t\t\t\t<div class=\"client-thumb\">\n\t\t\t\t\t\t\t\t<img src=\"https:\/\/ganancias-sostenibles.ecored.org.do\/content\/uploads\/2017\/06\/rica-190x99.jpg\" alt=\"Client Thumbnail\">\n\t\t\t\t\t\t\t<\/div>\n\t\t\t\t\t\t<\/li><\/ul>\n\t\t<\/div>[\/vc_column_inner][\/vc_row_inner][vc_row_inner el_class=\u00bbregular-logos\u00bb][vc_column_inner]<div class=\"client-section\">\n\t\t\t<ul class=\"clients\"><li class=\" wow fadeInUp\" data-wow-duration=\"1.5s\" data-wow-delay=\"0s\">\n\t\t\t\t\t\t\t<div class=\"client-thumb\">\n\t\t\t\t\t\t\t\t<img src=\"https:\/\/ganancias-sostenibles.ecored.org.do\/content\/uploads\/2017\/06\/popular-190x99.jpg\" alt=\"Client Thumbnail\">\n\t\t\t\t\t\t\t<\/div>\n\t\t\t\t\t\t<\/li><li class=\" wow fadeInUp\" data-wow-duration=\"1.5s\" data-wow-delay=\"0.5s\">\n\t\t\t\t\t\t\t<div class=\"client-thumb\">\n\t\t\t\t\t\t\t\t<img src=\"https:\/\/ganancias-sostenibles.ecored.org.do\/content\/uploads\/2017\/06\/metaldom-190x99.jpg\" alt=\"Client Thumbnail\">\n\t\t\t\t\t\t\t<\/div>\n\t\t\t\t\t\t<\/li><li class=\" wow fadeInUp\" data-wow-duration=\"1.5s\" data-wow-delay=\"1s\">\n\t\t\t\t\t\t\t<div class=\"client-thumb\">\n\t\t\t\t\t\t\t\t<img src=\"https:\/\/ganancias-sostenibles.ecored.org.do\/content\/uploads\/2017\/06\/bhd-leon-190x99.jpg\" alt=\"Client Thumbnail\">\n\t\t\t\t\t\t\t<\/div>\n\t\t\t\t\t\t<\/li><li class=\" wow fadeInUp\" data-wow-duration=\"1.5s\" data-wow-delay=\"1.5s\">\n\t\t\t\t\t\t\t<div class=\"client-thumb\">\n\t\t\t\t\t\t\t\t<img src=\"https:\/\/ganancias-sostenibles.ecored.org.do\/content\/uploads\/2017\/06\/aes-dominicana-190x99.jpg\" alt=\"Client Thumbnail\">\n\t\t\t\t\t\t\t<\/div>\n\t\t\t\t\t\t<\/li><li class=\" wow fadeInUp\" data-wow-duration=\"1.5s\" data-wow-delay=\"2s\">\n\t\t\t\t\t\t\t<div class=\"client-thumb\">\n\t\t\t\t\t\t\t\t<img src=\"https:\/\/ganancias-sostenibles.ecored.org.do\/content\/uploads\/2017\/06\/fundacion-tropigas-190x99.jpg\" alt=\"Client Thumbnail\">\n\t\t\t\t\t\t\t<\/div>\n\t\t\t\t\t\t<\/li><li class=\" wow fadeInUp\" data-wow-duration=\"1.5s\" data-wow-delay=\"2.5s\">\n\t\t\t\t\t\t\t<div class=\"client-thumb\">\n\t\t\t\t\t\t\t\t<img src=\"https:\/\/ganancias-sostenibles.ecored.org.do\/content\/uploads\/2017\/06\/sid-190x99.jpg\" alt=\"Client Thumbnail\">\n\t\t\t\t\t\t\t<\/div>\n\t\t\t\t\t\t<\/li><li class=\" wow fadeInUp\" data-wow-duration=\"1.5s\" data-wow-delay=\"3s\">\n\t\t\t\t\t\t\t<div class=\"client-thumb\">\n\t\t\t\t\t\t\t\t<img src=\"https:\/\/ganancias-sostenibles.ecored.org.do\/content\/uploads\/2017\/06\/gildan-190x99.jpg\" alt=\"Client Thumbnail\">\n\t\t\t\t\t\t\t<\/div>\n\t\t\t\t\t\t<\/li><\/ul>\n\t\t<\/div>[\/vc_column_inner][\/vc_row_inner][\/vc_column][\/vc_row][vc_row full_width=\u00bbstretch_row_content\u00bb css_animation=\u00bbnone\u00bb el_class=\u00bbpadding-t120&#8243; el_id=\u00bbgaleria\u00bb][vc_column]<div class=\"section-header\">\n\t\t\t<h2 class=\"entry_title\">GALER\u00cdA<\/h2>\n\t\t<\/div>[vc_gallery type=\u00bbimage_grid\u00bb images=\u00bb506,507,508,509,510,511,512,513,514,515,516,517,518,519,520,521,522,523,524,525,526,527,528,529,530,531,532,533,534,535,536,537,538,539,540,541&#8243; img_size=\u00bb200&#215;200&#8243; css_animation=\u00bbnone\u00bb el_class=\u00bbimage-gallery\u00bb][\/vc_column][\/vc_row][vc_row full_width=\u00bbstretch_row\u00bb el_class=\u00bbpadding-tb12090 related-events\u00bb css=\u00bb.vc_custom_1513707274989{background-image: url(https:\/\/ganancias-sostenibles.ecored.org.do\/cms\/\/ganancias-sostenibles.ecored.org.do\/content\/uploads\/2017\/12\/eventos-pasados.bg_.jpg?id=731) !important;background-position: center !important;background-repeat: no-repeat !important;background-size: cover !important;}\u00bb][vc_column]<div class=\"section-header style-two\">\n\t\t\t<h2 class=\"entry_title\">Eventos Relacionados<\/h2>\n\t\t<\/div>[vc_basic_grid post_type=\u00bbpage\u00bb max_items=\u00bb-1&#8243; element_width=\u00bb12&#8243; gap=\u00bb0&#8243; orderby=\u00bbtitle\u00bb item=\u00bb735&#8243; grid_id=\u00bbvc_gid:1573576155708-666c7bbf-fba3-6&#8243; el_class=\u00bbrelated-posts-grid\u00bb][\/vc_column][\/vc_row]<\/p>\n","protected":false},"excerpt":{"rendered":"<p>[vc_row full_width=\u00bbstretch_row_content\u00bb css=\u00bb.vc_custom_1533741706152{background-image: url(https:\/\/ganancias-sostenible.staging.gbh.com.do\/content\/uploads\/2017\/06\/showcase-ganancias-sostenibles-2017.jpg?id=447) !important;background-position: center !important;background-repeat: no-repeat !important;background-size: cover !important;}\u00bb el_class=\u00bboverflow-visible showcase\u00bb el_id=\u00bbinicio\u00bb][vc_column][\/vc_column][\/vc_row][vc_row full_width=\u00bbstretch_row\u00bb equal_height=\u00bbyes\u00bb content_placement=\u00bbmiddle\u00bb css=\u00bb.vc_custom_1510759410081{background-position: center !important;background-repeat: no-repeat !important;background-size: cover !important;}\u00bb el_class=\u00bbpadding-tb12090&#8243;][vc_column][vc_custom_heading text=\u00bbGanancias Sostenibles 2017 El nuevo modelo de desarrollo\u00bb font_container=\u00bbtag:h2|text_align:center\u00bb use_theme_fonts=\u00bbyes\u00bb][\/vc_column][vc_column width=\u00bb1\/4&#8243;][vc_single_image image=\u00bb564&#8243; img_size=\u00bbmedium\u00bb alignment=\u00bbcenter\u00bb onclick=\u00bblink_image\u00bb el_class=\u00bbzoom-button\u00bb][\/vc_column][vc_column width=\u00bb3\/4&#8243;][vc_column_text] OBJETIVO Sensibilizar e informar al sector privado dominicano acerca de su rol en [&hellip;]<\/p>\n","protected":false},"author":1,"featured_media":447,"parent":0,"menu_order":0,"comment_status":"closed","ping_status":"closed","template":"page-vc.php","meta":[],"acf":[],"_links":{"self":[{"href":"https:\/\/ganancias-sostenibles.ecored.org.do\/cms\/wp-json\/wp\/v2\/pages\/210"}],"collection":[{"href":"https:\/\/ganancias-sostenibles.ecored.org.do\/cms\/wp-json\/wp\/v2\/pages"}],"about":[{"href":"https:\/\/ganancias-sostenibles.ecored.org.do\/cms\/wp-json\/wp\/v2\/types\/page"}],"author":[{"embeddable":true,"href":"https:\/\/ganancias-sostenibles.ecored.org.do\/cms\/wp-json\/wp\/v2\/users\/1"}],"replies":[{"embeddable":true,"href":"https:\/\/ganancias-sostenibles.ecored.org.do\/cms\/wp-json\/wp\/v2\/comments?post=210"}],"version-history":[{"count":86,"href":"https:\/\/ganancias-sostenibles.ecored.org.do\/cms\/wp-json\/wp\/v2\/pages\/210\/revisions"}],"predecessor-version":[{"id":1004,"href":"https:\/\/ganancias-sostenibles.ecored.org.do\/cms\/wp-json\/wp\/v2\/pages\/210\/revisions\/1004"}],"wp:featuredmedia":[{"embeddable":true,"href":"https:\/\/ganancias-sostenibles.ecored.org.do\/cms\/wp-json\/wp\/v2\/media\/447"}],"wp:attachment":[{"href":"https:\/\/ganancias-sostenibles.ecored.org.do\/cms\/wp-json\/wp\/v2\/media?parent=210"}],"curies":[{"name":"wp","href":"https:\/\/api.w.org\/{rel}","templated":true}]}}