{"id":1655,"date":"2023-11-10T18:11:14","date_gmt":"2023-11-10T18:11:14","guid":{"rendered":"https:\/\/ganancias-sostenibles.ecored.org.do\/cms\/?page_id=1655"},"modified":"2023-11-10T18:16:36","modified_gmt":"2023-11-10T18:16:36","slug":"ganancias-sostenibles-2019-2","status":"publish","type":"page","link":"https:\/\/ganancias-sostenibles.ecored.org.do\/cms\/ganancias-sostenibles-2019-2\/","title":{"rendered":"Ganancias Sostenibles 2019"},"content":{"rendered":"<p>[vc_row full_width=\u00bbstretch_row_content\u00bb css=\u00bb.vc_custom_1569606577554{background-image: url(https:\/\/ganancias-sostenibles.ecored.org.do\/cms\/\/ganancias-sostenibles.ecored.org.do\/content\/uploads\/2018\/08\/showcase-ganancias-sostenibles-2018.jpg?id=846) !important;background-position: center !important;background-repeat: no-repeat !important;background-size: cover !important;}\u00bb el_class=\u00bboverflow-visible showcase\u00bb el_id=\u00bbinicio\u00bb][vc_column el_class=\u00bbtext-center\u00bb]<div class=\"hero-banner\">\n\t\t\t\t<div class=\"container\">\n\t\t\t\t\t<div class=\"row\">\n\t\t\t\t\t\t<div class=\"col-md-12\"><h1 class=\"entry-title wow fadeInUp\" data-wow-duration=\"1.5s\" data-wow-delay=\"0s\">Ganancias Sostenibles 2019<\/h1><p class=\"entry-date margin-b100 wow fadeInUp\" data-wow-duration=\"1.5s\" data-wow-delay=\"1s\">Innovaci\u00f3n: Estrategia para el Desarrollo Social, Ambiental y Econ\u00f3mico<\/p><\/div>\n\t\t\t\t\t<\/div>\n\t\t\t\t<\/div>\n\t\t\t<\/div>[\/vc_column][\/vc_row][vc_row css=\u00bb.vc_custom_1573790089503{background-position: center !important;background-repeat: no-repeat !important;background-size: cover !important;}\u00bb el_class=\u00bbpadding-t140&#8243; el_id=\u00bbobjetivo\u00bb][vc_column width=\u00bb1\/2&#8243;]<div class=\"conference-heading\">\n\t\t\t<div class=\"date\">\n\t\t\t\t<h2 class=\"day\">07 <span class=\"month\">Noviembre<\/span><\/h2>\n\t\t\t<\/div>\n\t\t\t<h3 class=\"entry-title\"><\/h3>\n\t\t<\/div>[vc_single_image image=\u00bb923&#8243; img_size=\u00bblarge\u00bb][\/vc_column][vc_column width=\u00bb1\/2&#8243;]<article class=\"textblock style-two\">\n\t\t\t\t<h4 class=\"entry-title\">Objetivo<\/h4><p class=\"entry-content\">El a\u00f1o 2019 fue decretado por la Presidencia de la Rep\u00fablica como el a\u00f1o de la competitividad y la innovaci\u00f3n. Es claro que la innovaci\u00f3n es un factor determinante para el desarrollo y debe contar con pol\u00edticas p\u00fablicas que generen las condiciones para que el sector privado, el estado y la academia, emprendan la tarea de crear espacios que contribuyan a su promoci\u00f3n.<\/p><\/article><article class=\"textblock style-three\">\n\t\t\t\t<h4 class=\"entry-title\"><\/h4><p class=\"entry-content\">Este a\u00f1o, decidimos presentar la innovaci\u00f3n como un recurso para alcanzar el desarrollo sostenible, a la vez que promovemos la incorporaci\u00f3n de los diferentes sectores a trabajar de manera coordinada, sin duplicar esfuerzos y haciendo uso eficiente de los recursos.<\/p><\/article>[\/vc_column][\/vc_row][vc_row css=\u00bb.vc_custom_1573576450707{margin-bottom: 60px !important;}\u00bb][vc_column el_id=\u00bbganancia\u00bb][vc_column_text]<\/p>\n<h2 class=\"md-margin\">Ganancias Sostenibles abre las fronteras para la innovaci\u00f3n en Republica Dominicana<\/h2>\n<p><em>El 6to encuentro internacional de Ganancias Sostenibles impulsa la innovaci\u00f3n como un recurso para el desarrollo.<\/em><\/p>\n<p><strong>Santo Domingo, 07 noviembre 2019.<\/strong>\u00a0Durante 6 a\u00f1os consecutivos desde ECORED, presentamos en el evento Ganancias Sostenibles temas que aportan al logro de los Objetivos de Desarrollo Sostenibles; para la 6ta edici\u00f3n y alineados con la estrategia del PNUD exponemos el impacto de la Innovaci\u00f3n como un recurso para avanzar hacia la Agenda 2030.<\/p>\n<ul>\n<li><a href=\"https:\/\/prezi.com\/lw4y4t5vrmls\/?token=f470687b7c46f623bb1527f3321bdd0f8722b5e7a6e01c5a9f29bb17cddc2603&amp;utm_campaign=share&amp;utm_medium=copy\" target=\"_blank\" rel=\"noopener\">Presentaci\u00f3n Charly Karamanian<\/a><\/li>\n<li><a href=\"https:\/\/nam04.safelinks.protection.outlook.com\/?url=https%3A%2F%2Fyoutu.be%2FPearEtPHQcI&amp;data=02%7C01%7Ckarinajulissa.cruz%40cemex.com%7C67aa392409074c5ba9ad08d766d3a8f5%7C6ee19001d0c445f8af8bff00f16d07e1%7C0%7C0%7C637090932367812380&amp;sdata=Z7ejQdbpqZUY4QNa%2FlPENreZF5F2vQDfuApm%2BeH4Mzk%3D&amp;reserved=0\" target=\"_blank\" rel=\"noopener\">Premio CEMEX-Tec Ribera Verde<\/a><\/li>\n<li><a href=\"https:\/\/nam04.safelinks.protection.outlook.com\/?url=https%3A%2F%2Fyoutu.be%2FJS7T2DCy85U&amp;data=02%7C01%7Ckarinajulissa.cruz%40cemex.com%7C67aa392409074c5ba9ad08d766d3a8f5%7C6ee19001d0c445f8af8bff00f16d07e1%7C0%7C0%7C637090932367822376&amp;sdata=x8e8vUTcq8cZ9H2fKaB7LngyPkwL0xN5xbpCQ%2FU8URw%3D&amp;reserved=0\" target=\"_blank\" rel=\"noopener\">Premio CEMEX-Tec Dominican Access<\/a><\/li>\n<li><a href=\"https:\/\/nam04.safelinks.protection.outlook.com\/?url=https%3A%2F%2Fwww.facebook.com%2FPachamamaAlliance%2Fvideos%2F10155967448238305%2F&amp;data=02%7C01%7Ckarinajulissa.cruz%40cemex.com%7C67aa392409074c5ba9ad08d766d3a8f5%7C6ee19001d0c445f8af8bff00f16d07e1%7C0%7C0%7C637090932367832364&amp;sdata=XMU9kVT6vmfSMBKAs%2F3NuwAzxaJcF55AUCcP1N8AEJI%3D&amp;reserved=0\" target=\"_blank\" rel=\"noopener\">Pachamama Alliance Video<\/a><\/li>\n<li><a href=\"https:\/\/ganancias-sostenibles.ecored.org.do\/cms\/\/www.ecored.org.do\/ganancias-sostenibles-abre-las-fronteras-para-la-innovacion-en-republica-dominicana\/contrataciones-publicas-para-ecored\/\" target=\"_blank\" rel=\"attachment wp-att-8707 noopener\">Presentaci\u00f3n Contrataciones P\u00fablicas<\/a><\/li>\n<li><a href=\"https:\/\/ganancias-sostenibles.ecored.org.do\/cms\/\/www.ecored.org.do\/wp-content\/uploads\/2019\/11\/ECORED_CEMEX-INNOVACION-SOCIAL_20191106.pdf\" target=\"_blank\" rel=\"noopener\">Innovaci\u00f3n para la Transformaci\u00f3n Social Compartida<\/a><\/li>\n<li><a href=\"https:\/\/ganancias-sostenibles.ecored.org.do\/cms\/\/www.ecored.org.do\/wp-content\/uploads\/2019\/11\/Ganancias-Sostenibles-OPEN-BHDLe%C3%B3n.pdf\" target=\"_blank\" rel=\"noopener\">Innovaci\u00f3n y Alianzas Ganancias Sostenibles 2019 BHD Le\u00f3n<\/a><\/li>\n<li><a href=\"https:\/\/ganancias-sostenibles.ecored.org.do\/cms\/\/www.ecored.org.do\/wp-content\/uploads\/2019\/11\/Contrataciones-Publicas-para-ECORED-para-pdf-1.pdf\" target=\"_blank\" rel=\"noopener\">Contrataciones publicas para Ecored<\/a><\/li>\n<\/ul>\n<p>Motivados por la urgencia de que la \u201cTierra es Plana y no hay Planeta B\u201d, nuestro presidente Jake Kheel, inst\u00f3 al sector p\u00fablico y privado a aprovechar los laboratorios de innovaci\u00f3n del PNUD, una red mundial de aprendizaje de la cual Rep. Dom. es parte; mensaje respaldado con la participaci\u00f3n de la Representante de Residente del PNUD, Inka Mattila, quien expres\u00f3 que el mundo est\u00e1 cambiando y debemos utilizar la innovaci\u00f3n para nuevas soluciones que aporten al desarrollo y generen ganancias sostenibles.<\/p>\n<p>Este encuentro anual brinda un espacio donde, tanto el sector privado como el p\u00fablico, comparten sus iniciativas desde su \u00e1rea de impacto. En esta ocasi\u00f3n la Directora General de Compras P\u00fablicas y Contrataciones, Do\u00f1a Yokasta Guzm\u00e1n, expuso c\u00f3mo las compras p\u00fablicas utilizan la innovaci\u00f3n para impulsar el logro de los ODS. Considerando que el Estado es el mayor comprador, este sector posee una pol\u00edtica p\u00fablica horizontal que fomenta la creaci\u00f3n de un medio empresarial que incorpore pr\u00e1cticas de producci\u00f3n y consumo sostenibles. (ODS 12)<\/p>\n<p>Por su parte, el sector privado implementa en la actualidad diversas iniciativas innovadoras que les permiten generar ganancias sostenibles, como es el caso de nuestro socio \u00a0el Banco BHD Le\u00f3n, representado por el VP del Segmento Pyme, Francisco Guzm\u00e1n, quien present\u00f3 que la instituci\u00f3n financiera, a trav\u00e9s de la innovaci\u00f3n y las alianzas, ofrece a las peque\u00f1as y medianas empresas herramientas de valor agregado, canales digitales y productos especializados para su desarrollo, haciendo \u00e9nfasis en la inclusi\u00f3n de la mujer como parte de sus objetivos.<\/p>\n<p>Desde otra perspectiva nuestro socio CEMEX, de la mano de H\u00e9ctor Gonz\u00e1lez Gerente de Innovaci\u00f3n Social y el Centro CEMEX-Tec, expuso la importancia de la innovaci\u00f3n y el modelo de negocio, resaltando que el prop\u00f3sito de los negocios es impactar positivamente en la calidad de vida, es por esto que la iniciativa CEMEX-Tec tiene como objetivo transferir conocimiento, dotar herramientas para el desarrollo de iniciativas y reconocerlas por su aporte a la sostenibilidad a nivel mundial, haciendo menci\u00f3n al reciente reconocimiento otorgado a nuestro socio Fundaci\u00f3n Tropigas por su programa Rivera Verde.<\/p>\n<p>Las buenas pr\u00e1cticas empresariales, innovadoras y que aportan al desarrollo sostenibles deben ser compartidas y replicadas, por lo que con Ana Karina C\u00e1rdenas, Directora Pa\u00eds Pizzolante, como moderadora; invitamos al Grupo Rica, representado por Jos\u00e9 Fonseca Presidente de CCI Puesto de Bolsa y al Grupo Universal, representado por Rafael Izquierdo VP Ejecutivo Senior del grupo y anterior Presidente de ECORED, para que nos compartieran el impacto de la innovaci\u00f3n en las empresas dominicanas como un motor para el desarrollo y transformar la visi\u00f3n de los negocios.<\/p>\n<p>El innovar puede desarrollarse desde distintas perspectivas y la m\u00e1s interesante fue ver como la naturaleza es el mayor laboratorio de innovaci\u00f3n, nuestro conferencista internacional Charly Karamanian, ganador de dos desaf\u00edos de innovaci\u00f3n de la Administraci\u00f3n Nacional Aeron\u00e1utica y del Espacio de los Estados Unidos (NASA) y el creador de la Casa G, la casa sustentable dise\u00f1\u00f3 para vivir con su esposa y sus hijos; mostr\u00f3 en Ganancias Sostenibles todas las tecnolog\u00edas y soluciones innovadoras que est\u00e1n siendo dise\u00f1adas y desarrolladas a nivel mundial, destacando los ODS a los que impactaban directamente.<\/p>\n<p>En su ponencia Charly nos record\u00f3 que el sol transmite en un d\u00eda la energ\u00eda que necesitamos en un a\u00f1o, pero que el objetivo de tener esta informaci\u00f3n no es s\u00f3lo saber c\u00f3mo aprovecharla sino c\u00f3mo es nuestro consumo. De igual forma hizo la reflexi\u00f3n de la huella h\u00eddrica del sector empresarial, resalt\u00f3 que la basura es un error de dise\u00f1o y que debemos generar un ciclo de vida mayor a nuestros residuos. Sin duda una conferencia que abri\u00f3 las fronteras de la innovaci\u00f3n para Rep\u00fablica Dominicana, es momento de buscar nuevas soluciones, \u00a1sin dejar a nadie atr\u00e1s!<\/p>\n<p>Este importante encuentro fue posible gracias al patrocinio de al Patrocinio GOLD del Banco BHDLeon, Grupo Rica y Banco Popular. As\u00ed como de AES Dominicana, BanReservas, Fundaci\u00f3n Tropigas, Gerdau Metaldom, Grupo Universal, Nestl\u00e9 y Grupo Puntacana.<\/p>\n<p>Agradecemos el apoyo institucional de la Oficina Local del PNUD, Pizzolante Comunicaciones, Hotel El Embajador, Camilo Then Audiovisuales y Enver L\u00f3pez Publimercadeo.[\/vc_column_text][\/vc_column][\/vc_row][vc_row css=\u00bb.vc_custom_1534198612243{background-position: center !important;background-repeat: no-repeat !important;background-size: cover !important;}\u00bb][vc_column width=\u00bb1\/3&#8243;]<div class=\"service\">\n\t\t\t<div class=\"entry-thumb\">\n\t\t\t\t<img src=\"https:\/\/ganancias-sostenibles.ecored.org.do\/content\/uploads\/2018\/08\/calendar-icon.png\" alt=\"Thumb\">\n\t\t\t<\/div>\n\t\t\t<h4 class=\"entry-title\">Fecha<\/h4>\n\t\t\t<p class=\"entry-content\">Jueves 07 de Noviembre 2019<\/p>\t\n\t\t<\/div>[\/vc_column][vc_column width=\u00bb1\/3&#8243;]<div class=\"service\">\n\t\t\t<div class=\"entry-thumb\">\n\t\t\t\t<img src=\"https:\/\/ganancias-sostenibles.ecored.org.do\/content\/uploads\/2018\/08\/clock-icon.png\" alt=\"Thumb\">\n\t\t\t<\/div>\n\t\t\t<h4 class=\"entry-title\">Hora<\/h4>\n\t\t\t<p class=\"entry-content\">08:30 am \u2013 01:00 pm<\/p>\t\n\t\t<\/div>[\/vc_column][vc_column width=\u00bb1\/3&#8243;]<div class=\"service\">\n\t\t\t<div class=\"entry-thumb\">\n\t\t\t\t<img src=\"https:\/\/ganancias-sostenibles.ecored.org.do\/content\/uploads\/2018\/08\/group-icon.png\" alt=\"Thumb\">\n\t\t\t<\/div>\n\t\t\t<h4 class=\"entry-title\">Sal\u00f3n<\/h4>\n\t\t\t<p class=\"entry-content\">Gran Embajador \u2013 Hotel Embajador \u2013 Avd. Sarasota, Santo Domingo, D.N.<\/p>\t\n\t\t<\/div>[\/vc_column][\/vc_row][vc_row el_id=\u00bbcolaboradores\u00bb css=\u00bb.vc_custom_1537289555824{margin-bottom: 12px !important;}\u00bb el_class=\u00bbpadding-b120&#8243;][vc_column]<div class=\"section-header\">\n\t\t\t<h2 class=\"entry_title\">COLABORADORES<\/h2>\n\t\t<\/div>[vc_row_inner el_class=\u00bbpremium-logos\u00bb][vc_column_inner]<div class=\"client-section\">\n\t\t\t<ul class=\"clients\"><li class=\" wow fadeInUp\" data-wow-duration=\"1.5s\" data-wow-delay=\"0s\">\n\t\t\t\t\t\t\t<div class=\"client-thumb\">\n\t\t\t\t\t\t\t\t<img src=\"https:\/\/ganancias-sostenibles.ecored.org.do\/content\/uploads\/2018\/08\/pnud-1.jpg\" alt=\"Client Thumbnail\">\n\t\t\t\t\t\t\t<\/div>\n\t\t\t\t\t\t<\/li><li class=\" wow fadeInUp\" data-wow-duration=\"1.5s\" data-wow-delay=\"0.5s\">\n\t\t\t\t\t\t\t<div class=\"client-thumb\">\n\t\t\t\t\t\t\t\t<img src=\"https:\/\/ganancias-sostenibles.ecored.org.do\/content\/uploads\/2019\/10\/logo-pizzolante-190x82.jpg\" alt=\"Client Thumbnail\">\n\t\t\t\t\t\t\t<\/div>\n\t\t\t\t\t\t<\/li><\/ul>\n\t\t<\/div>[\/vc_column_inner][\/vc_row_inner][\/vc_column][\/vc_row][vc_row el_id=\u00bbpatrocinadores\u00bb][vc_column]<div class=\"section-header\">\n\t\t\t<h2 class=\"entry_title\">PATROCINADORES<\/h2>\n\t\t<\/div>[vc_row_inner el_class=\u00bbpremium-logos\u00bb][vc_column_inner]<div class=\"client-section\">\n\t\t\t<ul class=\"clients\"><li class=\" wow fadeInUp\" data-wow-duration=\"1.5s\" data-wow-delay=\"0s\">\n\t\t\t\t\t\t\t<div class=\"client-thumb\">\n\t\t\t\t\t\t\t\t<img src=\"https:\/\/ganancias-sostenibles.ecored.org.do\/content\/uploads\/2018\/08\/bhd-leon-190x99.jpg\" alt=\"Client Thumbnail\">\n\t\t\t\t\t\t\t<\/div>\n\t\t\t\t\t\t<\/li><li class=\" wow fadeInUp\" data-wow-duration=\"1.5s\" data-wow-delay=\"0.5s\">\n\t\t\t\t\t\t\t<div class=\"client-thumb\">\n\t\t\t\t\t\t\t\t<img src=\"https:\/\/ganancias-sostenibles.ecored.org.do\/content\/uploads\/2019\/10\/rica-1.png\" alt=\"Client Thumbnail\">\n\t\t\t\t\t\t\t<\/div>\n\t\t\t\t\t\t<\/li><li class=\" wow fadeInUp\" data-wow-duration=\"1.5s\" data-wow-delay=\"1s\">\n\t\t\t\t\t\t\t<div class=\"client-thumb\">\n\t\t\t\t\t\t\t\t<img src=\"https:\/\/ganancias-sostenibles.ecored.org.do\/content\/uploads\/2019\/10\/bpd-1.jpg\" alt=\"Client Thumbnail\">\n\t\t\t\t\t\t\t<\/div>\n\t\t\t\t\t\t<\/li><\/ul>\n\t\t<\/div>[\/vc_column_inner][\/vc_row_inner][vc_row_inner el_class=\u00bbregular-logos\u00bb][vc_column_inner]<div class=\"client-section\">\n\t\t\t<ul class=\"clients\"><li class=\" wow fadeInUp\" data-wow-duration=\"1.5s\" data-wow-delay=\"0s\">\n\t\t\t\t\t\t\t<div class=\"client-thumb\">\n\t\t\t\t\t\t\t\t<img src=\"https:\/\/ganancias-sostenibles.ecored.org.do\/content\/uploads\/2017\/06\/metaldom-190x99.jpg\" alt=\"Client Thumbnail\">\n\t\t\t\t\t\t\t<\/div>\n\t\t\t\t\t\t<\/li><li class=\" wow fadeInUp\" data-wow-duration=\"1.5s\" data-wow-delay=\"0.5s\">\n\t\t\t\t\t\t\t<div class=\"client-thumb\">\n\t\t\t\t\t\t\t\t<img src=\"https:\/\/ganancias-sostenibles.ecored.org.do\/content\/uploads\/2019\/10\/aes-imagen-1.jpg\" alt=\"Client Thumbnail\">\n\t\t\t\t\t\t\t<\/div>\n\t\t\t\t\t\t<\/li><li class=\" wow fadeInUp\" data-wow-duration=\"1.5s\" data-wow-delay=\"1s\">\n\t\t\t\t\t\t\t<div class=\"client-thumb\">\n\t\t\t\t\t\t\t\t<img src=\"https:\/\/ganancias-sostenibles.ecored.org.do\/content\/uploads\/2019\/10\/grupo-universal-190x99.jpg\" alt=\"Client Thumbnail\">\n\t\t\t\t\t\t\t<\/div>\n\t\t\t\t\t\t<\/li><li class=\" wow fadeInUp\" data-wow-duration=\"1.5s\" data-wow-delay=\"1.5s\">\n\t\t\t\t\t\t\t<div class=\"client-thumb\">\n\t\t\t\t\t\t\t\t<img src=\"https:\/\/ganancias-sostenibles.ecored.org.do\/content\/uploads\/2019\/10\/tropigas-1-e1573584065150.jpg\" alt=\"Client Thumbnail\">\n\t\t\t\t\t\t\t<\/div>\n\t\t\t\t\t\t<\/li><li class=\" wow fadeInUp\" data-wow-duration=\"1.5s\" data-wow-delay=\"2s\">\n\t\t\t\t\t\t\t<div class=\"client-thumb\">\n\t\t\t\t\t\t\t\t<img src=\"https:\/\/ganancias-sostenibles.ecored.org.do\/content\/uploads\/2019\/10\/Banreservas-1-e1573584371505.png\" alt=\"Client Thumbnail\">\n\t\t\t\t\t\t\t<\/div>\n\t\t\t\t\t\t<\/li><\/ul>\n\t\t<\/div><div class=\"client-section\">\n\t\t\t<ul class=\"clients\"><li class=\" wow fadeInUp\" data-wow-duration=\"1.5s\" data-wow-delay=\"0s\">\n\t\t\t\t\t\t\t<div class=\"client-thumb\">\n\t\t\t\t\t\t\t\t<img src=\"https:\/\/ganancias-sostenibles.ecored.org.do\/content\/uploads\/2019\/10\/punta-cana-190x90.jpg\" alt=\"Client Thumbnail\">\n\t\t\t\t\t\t\t<\/div>\n\t\t\t\t\t\t<\/li><li class=\" wow fadeInUp\" data-wow-duration=\"1.5s\" data-wow-delay=\"0.5s\">\n\t\t\t\t\t\t\t<div class=\"client-thumb\">\n\t\t\t\t\t\t\t\t<img src=\"https:\/\/ganancias-sostenibles.ecored.org.do\/content\/uploads\/2019\/10\/nestle-1-e1573584469729.jpg\" alt=\"Client Thumbnail\">\n\t\t\t\t\t\t\t<\/div>\n\t\t\t\t\t\t<\/li><\/ul>\n\t\t<\/div>[\/vc_column_inner][\/vc_row_inner][\/vc_column][\/vc_row][vc_row el_class=\u00bbpadding-t120&#8243; el_id=\u00bbpresentaciones\u00bb][vc_column]<div class=\"section-header\">\n\t\t\t<h2 class=\"entry_title\">PRESENTACIONES<\/h2>\n\t\t<\/div>[vc_column_text el_class=\u00bbgreen-table\u00bb]<\/p>\n<table class=\" alignleft\" width=\"100%\">\n<tbody>\n<tr>\n<td style=\"width: 21.879%;\">ARCHIVO<\/td>\n<td style=\"width: 75.121%;\">TEMA<\/td>\n<\/tr>\n<tr>\n<td style=\"width: 21.879%;\"><a href=\"https:\/\/prezi.com\/lw4y4t5vrmls\/?token=f470687b7c46f623bb1527f3321bdd0f8722b5e7a6e01c5a9f29bb17cddc2603&amp;utm_campaign=share&amp;utm_medium=copy\" target=\"_blank\" rel=\"noopener\">DESCARGAR PRESENTACI\u00d3N<\/a><\/td>\n<td style=\"width: 75.121%;\">Presentaci\u00f3n Charly Karamanian<\/td>\n<\/tr>\n<tr>\n<td style=\"width: 21.879%;\"><a href=\"https:\/\/nam04.safelinks.protection.outlook.com\/?url=https%3A%2F%2Fyoutu.be%2FPearEtPHQcI&amp;data=02%7C01%7Ckarinajulissa.cruz%40cemex.com%7C67aa392409074c5ba9ad08d766d3a8f5%7C6ee19001d0c445f8af8bff00f16d07e1%7C0%7C0%7C637090932367812380&amp;sdata=Z7ejQdbpqZUY4QNa%2FlPENreZF5F2vQDfuApm%2BeH4Mzk%3D&amp;reserved=0\" target=\"_blank\" rel=\"noopener\">DESCARGAR PRESENTACI\u00d3N<\/a><\/td>\n<td style=\"width: 75.121%;\">Premio CEMEX-Tec Ribera Verde<\/td>\n<\/tr>\n<tr>\n<td style=\"width: 21.879%;\"><a href=\"https:\/\/nam04.safelinks.protection.outlook.com\/?url=https%3A%2F%2Fyoutu.be%2FJS7T2DCy85U&amp;data=02%7C01%7Ckarinajulissa.cruz%40cemex.com%7C67aa392409074c5ba9ad08d766d3a8f5%7C6ee19001d0c445f8af8bff00f16d07e1%7C0%7C0%7C637090932367822376&amp;sdata=x8e8vUTcq8cZ9H2fKaB7LngyPkwL0xN5xbpCQ%2FU8URw%3D&amp;reserved=0\" target=\"_blank\" rel=\"noopener\">DESCARGAR PRESENTACI\u00d3N<\/a><\/td>\n<td style=\"width: 75.121%;\">Premio CEMEX-Tec Dominican Access<\/td>\n<\/tr>\n<tr>\n<td style=\"width: 21.879%;\"><a href=\"https:\/\/nam04.safelinks.protection.outlook.com\/?url=https%3A%2F%2Fwww.facebook.com%2FPachamamaAlliance%2Fvideos%2F10155967448238305%2F&amp;data=02%7C01%7Ckarinajulissa.cruz%40cemex.com%7C67aa392409074c5ba9ad08d766d3a8f5%7C6ee19001d0c445f8af8bff00f16d07e1%7C0%7C0%7C637090932367832364&amp;sdata=XMU9kVT6vmfSMBKAs%2F3NuwAzxaJcF55AUCcP1N8AEJI%3D&amp;reserved=0\" target=\"_blank\" rel=\"noopener\">DESCARGAR PRESENTACI\u00d3N<\/a><\/td>\n<td style=\"width: 75.121%;\">Pachamama Alliance Video<\/td>\n<\/tr>\n<tr>\n<td style=\"width: 21.879%;\"><a href=\"https:\/\/ganancias-sostenibles.ecored.org.do\/cms\/\/www.ecored.org.do\/ganancias-sostenibles-abre-las-fronteras-para-la-innovacion-en-republica-dominicana\/contrataciones-publicas-para-ecored\/\" target=\"_blank\" rel=\"noopener\">DESCARGAR PRESENTACI\u00d3N<\/a><\/td>\n<td style=\"width: 75.121%;\">Presentaci\u00f3n Contrataciones P\u00fablicas<\/td>\n<\/tr>\n<tr>\n<td style=\"width: 21.879%;\"><a href=\"https:\/\/ganancias-sostenibles.ecored.org.do\/cms\/\/www.ecored.org.do\/wp-content\/uploads\/2019\/11\/ECORED_CEMEX-INNOVACION-SOCIAL_20191106.pdf\" target=\"_blank\" rel=\"noopener\">DESCARGAR PRESENTACI\u00d3N<\/a><\/td>\n<td style=\"width: 75.121%;\">Innovaci\u00f3n para la Transformaci\u00f3n Social Compartida<\/td>\n<\/tr>\n<tr>\n<td style=\"width: 21.879%;\"><a href=\"https:\/\/ganancias-sostenibles.ecored.org.do\/cms\/\/www.ecored.org.do\/wp-content\/uploads\/2019\/11\/Ganancias-Sostenibles-OPEN-BHDLe\u00f3n.pdf\" target=\"_blank\" rel=\"noopener\">DESCARGAR PRESENTACI\u00d3N<\/a><\/td>\n<td style=\"width: 75.121%;\">Innovaci\u00f3n y Alianzas Ganancias Sostenibles 2019 BHD Le\u00f3n<\/td>\n<\/tr>\n<\/tbody>\n<\/table>\n<p>[\/vc_column_text][\/vc_column][\/vc_row][vc_row full_width=\u00bbstretch_row_content\u00bb content_placement=\u00bbmiddle\u00bb el_id=\u00bbgaleria\u00bb css=\u00bb.vc_custom_1573582465808{padding-top: 120px !important;}\u00bb el_class=\u00bbpadding-t120&#8243;][vc_column]<div class=\"section-header\">\n\t\t\t<h2 class=\"entry_title\">GALER\u00cdA<\/h2>\n\t\t<\/div>[vc_gallery type=\u00bbimage_grid\u00bb images=\u00bb961,962,963,964,965,966,967,968,969,970,971,972,973,974,975,976,977,978,979,980,981,982,983,984,985,986,987,988,989,990&#8243; img_size=\u00bb200&#215;200&#8243; el_class=\u00bbimage-gallery\u00bb][\/vc_column][\/vc_row][vc_row full_width=\u00bbstretch_row\u00bb el_class=\u00bbpadding-tb12090 related-events\u00bb css=\u00bb.vc_custom_1534984558215{background-image: url(https:\/\/ganancias-sostenibles.ecored.org.do\/cms\/\/ganancias-sostenibles.ecored.org.do\/content\/uploads\/2017\/12\/eventos-pasados.bg_.jpg?id=731) !important;background-position: center !important;background-repeat: no-repeat !important;background-size: cover !important;}\u00bb][vc_column]<div class=\"section-header style-two\">\n\t\t\t<h2 class=\"entry_title\">Eventos Relacionados<\/h2>\n\t\t<\/div>[vc_basic_grid post_type=\u00bbpage\u00bb max_items=\u00bb-1&#8243; element_width=\u00bb12&#8243; gap=\u00bb0&#8243; orderby=\u00bbtitle\u00bb item=\u00bb735&#8243; grid_id=\u00bbvc_gid:1655148618231-baaada0d-0a38-7&#8243; el_class=\u00bbrelated-posts-grid\u00bb][\/vc_column][\/vc_row][vc_row full_width=\u00bbstretch_row_content_no_spaces\u00bb el_id=\u00bbubicacion\u00bb][vc_column]<div class=\"contact-section\">\n\t\t\t<div id=\"map\" class=\"google-map\"><\/div>\n\t\t\t<div class=\"contact-info\"><div class=\"item\">\n\t\t\t\t\t\t\t<h4 class=\"entry-title\">HOTEL EMBAJADOR<\/h4>\n\t\t\t\t\t\t\t<p class=\"entry-content\">\n\t\t\t\t\t\t\t\tGran Embajador \u2013 Hotel Embajador \u2013 Avd. Sarasota, Santo Domingo, D.N.\n\t\t\t\t\t\t\t<\/p>\n\t\t\t\t\t\t<\/div><div class=\"item\">\n\t\t\t\t\t\t\t<h4 class=\"entry-title\">TEL\u00c9FONO<\/h4>\n\t\t\t\t\t\t\t<p class=\"entry-content\">\n\t\t\t\t\t\t\t\t809-547-3529 \/ 809-864-1212\n\t\t\t\t\t\t\t<\/p>\n\t\t\t\t\t\t<\/div><\/div>\n\t\t<\/div><script>\n\t\t  jQuery(\"#map\").gmap3({\n\t\t\tmap:{\n\t\t\t\toptions:{\n\t\t\t\t\tzoom: 10,\n\t\t\t\t\tcenter: [18.455333,-69.933178],\n\t\t\t\t\tmapTypeControl: true,\n\t\t\t\t\tmapTypeControlOptions: {\n\t\t\t\t\t\tstyle: google.maps.MapTypeControlStyle.DROPDOWN_MENU\n\t\t\t\t\t},\n\t\t\t\t\tmapTypeId: \"style1\",\n\t\t\t\t\tmapTypeControlOptions: {\n\t\t\t\t\t\tmapTypeIds: [google.maps.MapTypeId.ROADMAP, \"style1\"]\n\t\t\t\t\t},\n\t\t\t\t\tnavigationControl: true,\n\t\t\t\t\tscrollwheel: false,\n\t\t\t\t\tstreetViewControl: true\n\t\t\t\t}\n\t\t\t},\n\t\t\tmarker:{\n\t\t\t\tlatLng: [18.455333,-69.933178],\n\t\t\t\toptions: {animation:google.maps.Animation.BOUNCE, icon: \"https:\/\/ganancias-sostenibles.ecored.org.do\/content\/uploads\/2017\/05\/marker.png\" }\n\t\t\t},\n\t\t\tstyledmaptype:{\n\t\t\t\tid: \"style1\",\n\t\t\t\toptions:{\n\t\t\t\t\tname: \"Style 1\"\n\t\t\t\t},\n\t\t\t\tstyles: [\n\t\t\t\t\t{\n\t\t\t\t\t\tfeatureType: \"road.highway\",\n\t\t\t\t\t\tstylers: [\n\t\t\t\t\t\t\t{\"color\": \"#ffffff\"},         \n\t\t\t\t\t\t\t{\"elementType\":\"geometry\"},\n\t\t\t\t\t\t]\n\t\t\t\t\t},{\n\t\t\t\t\t\tfeatureType: \"water\",\n\t\t\t\t\t\tstylers: [\n\t\t\t\t\t\t\t{ visibility: \"on\" },\n\t\t\t\t\t\t\t{ color: \"#93c2ce\" }\n\t\t\t\t\t\t]\n\t\t\t\t\t},{\n\t\t\t\t\t\tfeatureType:\"landscape\",\n\t\t\t\t\t\tstylers:[\n\t\t\t\t\t\t\t{\"color\":\"#f2f2f2\"}\n\t\t\t\t\t\t]\n\t\t\t\t\t},{\n\t\t\t\t\t\tfeatureType: \"poi.park\",\n\t\t\t\t\t\telementType:\"geometry\",\n\t\t\t\t\t\tstylers: [\n\t\t\t\t\t\t\t{\"color\":\"#efefef\"}\n\t\t\t\t\t\t]\n\t\t\t\t\t},{\n\t\t\t\t\t\tfeatureType: \"transit.line\",\n\t\t\t\t\t\tstylers: [\n\t\t\t\t\t\t\t{\"color\":\"#ffffff\"}\n\t\t\t\t\t\t]\n\t\t\t\t\t}\n\t\t\t\t]\n\t\t\t}\n\t   \t});\n\n\t\t<\/script>[\/vc_column][\/vc_row]<\/p>\n","protected":false},"excerpt":{"rendered":"<p>[vc_row full_width=\u00bbstretch_row_content\u00bb css=\u00bb.vc_custom_1569606577554{background-image: url(https:\/\/ganancias-sostenibles.ecored.org.do\/cms\/\/ganancias-sostenibles.ecored.org.do\/content\/uploads\/2018\/08\/showcase-ganancias-sostenibles-2018.jpg?id=846) !important;background-position: center !important;background-repeat: no-repeat !important;background-size: cover !important;}\u00bb el_class=\u00bboverflow-visible showcase\u00bb el_id=\u00bbinicio\u00bb][vc_column el_class=\u00bbtext-center\u00bb][\/vc_column][\/vc_row][vc_row css=\u00bb.vc_custom_1573790089503{background-position: center !important;background-repeat: no-repeat !important;background-size: cover !important;}\u00bb el_class=\u00bbpadding-t140&#8243; el_id=\u00bbobjetivo\u00bb][vc_column width=\u00bb1\/2&#8243;][vc_single_image image=\u00bb923&#8243; img_size=\u00bblarge\u00bb][\/vc_column][vc_column width=\u00bb1\/2&#8243;][\/vc_column][\/vc_row][vc_row css=\u00bb.vc_custom_1573576450707{margin-bottom: 60px !important;}\u00bb][vc_column el_id=\u00bbganancia\u00bb][vc_column_text] Ganancias Sostenibles abre las fronteras para la innovaci\u00f3n en Republica Dominicana El 6to encuentro internacional de Ganancias Sostenibles impulsa la innovaci\u00f3n como un [&hellip;]<\/p>\n","protected":false},"author":1,"featured_media":846,"parent":0,"menu_order":0,"comment_status":"closed","ping_status":"closed","template":"page-vc.php","meta":[],"acf":[],"_links":{"self":[{"href":"https:\/\/ganancias-sostenibles.ecored.org.do\/cms\/wp-json\/wp\/v2\/pages\/1655"}],"collection":[{"href":"https:\/\/ganancias-sostenibles.ecored.org.do\/cms\/wp-json\/wp\/v2\/pages"}],"about":[{"href":"https:\/\/ganancias-sostenibles.ecored.org.do\/cms\/wp-json\/wp\/v2\/types\/page"}],"author":[{"embeddable":true,"href":"https:\/\/ganancias-sostenibles.ecored.org.do\/cms\/wp-json\/wp\/v2\/users\/1"}],"replies":[{"embeddable":true,"href":"https:\/\/ganancias-sostenibles.ecored.org.do\/cms\/wp-json\/wp\/v2\/comments?post=1655"}],"version-history":[{"count":1,"href":"https:\/\/ganancias-sostenibles.ecored.org.do\/cms\/wp-json\/wp\/v2\/pages\/1655\/revisions"}],"predecessor-version":[{"id":1656,"href":"https:\/\/ganancias-sostenibles.ecored.org.do\/cms\/wp-json\/wp\/v2\/pages\/1655\/revisions\/1656"}],"wp:featuredmedia":[{"embeddable":true,"href":"https:\/\/ganancias-sostenibles.ecored.org.do\/cms\/wp-json\/wp\/v2\/media\/846"}],"wp:attachment":[{"href":"https:\/\/ganancias-sostenibles.ecored.org.do\/cms\/wp-json\/wp\/v2\/media?parent=1655"}],"curies":[{"name":"wp","href":"https:\/\/api.w.org\/{rel}","templated":true}]}}